{"id":136,"date":"2026-01-10T18:27:22","date_gmt":"2026-01-10T18:27:22","guid":{"rendered":"https:\/\/segurosml.com\/contacto\/"},"modified":"2026-03-06T18:41:17","modified_gmt":"2026-03-06T18:41:17","slug":"contacto","status":"publish","type":"page","link":"https:\/\/segurosml.com\/en\/contacto\/","title":{"rendered":"Contacto"},"content":{"rendered":"\n<div class=\"wp-block-group alignfull is-style-ext-preset--group--natural-1--section has-background-background-color has-background has-global-padding is-layout-constrained wp-block-group-is-layout-constrained\" id=\"contacto\" style=\"margin-top:0;margin-bottom:0;padding-top:var(--wp--preset--spacing--70);padding-bottom:var(--wp--preset--spacing--70)\">\n<div class=\"wp-block-media-text alignwide is-stacked-on-mobile is-image-fill-element is-style-ext-preset--media-text--natural-1--card-1 has-tertiary-background-color has-background is-style-ext-preset--media-text--natural-1--card-1--2\" style=\"grid-template-columns:55% auto\"><figure class=\"wp-block-media-text__media\"><img loading=\"lazy\" decoding=\"async\" width=\"1024\" height=\"1024\" src=\"https:\/\/segurosml.com\/wp-content\/uploads\/2026\/02\/ChatGPT-Image-26-feb-2026-07_52_35-3.png\" alt=\"\" class=\"wp-image-448 size-full\" style=\"object-position:50% 50%\" srcset=\"https:\/\/segurosml.com\/wp-content\/uploads\/2026\/02\/ChatGPT-Image-26-feb-2026-07_52_35-3.png 1024w, https:\/\/segurosml.com\/wp-content\/uploads\/2026\/02\/ChatGPT-Image-26-feb-2026-07_52_35-3-300x300.png 300w, https:\/\/segurosml.com\/wp-content\/uploads\/2026\/02\/ChatGPT-Image-26-feb-2026-07_52_35-3-150x150.png 150w, https:\/\/segurosml.com\/wp-content\/uploads\/2026\/02\/ChatGPT-Image-26-feb-2026-07_52_35-3-768x768.png 768w, https:\/\/segurosml.com\/wp-content\/uploads\/2026\/02\/ChatGPT-Image-26-feb-2026-07_52_35-3-12x12.png 12w\" sizes=\"auto, (max-width: 1024px) 100vw, 1024px\" \/><\/figure><div class=\"wp-block-media-text__content\">\n<div class=\"wp-block-columns is-layout-flex wp-container-core-columns-is-layout-28f84493 wp-block-columns-is-layout-flex\">\n<div class=\"wp-block-column is-layout-flow wp-block-column-is-layout-flow\" style=\"flex-basis:100%\">\n<div class=\"wp-block-columns is-layout-flex wp-container-core-columns-is-layout-28f84493 wp-block-columns-is-layout-flex\">\n<div class=\"wp-block-column is-layout-flow wp-block-column-is-layout-flow\" style=\"flex-basis:100%\">\n<section class=\"ml-contacto-premium\">\n  <div class=\"ml-contacto-premium__wrap\">\n\n    <div class=\"ml-contacto-premium__top\">\n      <p class=\"ml-contacto-premium__intro\">\n        Si tienes alguna consulta sobre seguros para particulares, aut\u00f3nomos, empresas,\n        Taxi o VTC, puedes enviarnos tu mensaje o contactar directamente con nosotros.\n      <\/p>\n\n      <div class=\"ml-contacto-premium__buttons\">\n        <a class=\"ml-contacto-premium__btn ml-contacto-premium__btn--dark\"\n           href=\"https:\/\/wa.me\/34667088563\"\n           target=\"_blank\" rel=\"noopener\">\n          Contactar por WhatsApp\n        <\/a>\n\n        <a class=\"ml-contacto-premium__btn ml-contacto-premium__btn--light\"\n           href=\"mailto:ventas@segurosml.com\">\n          Contactar por email\n        <\/a>\n      <\/div>\n    <\/div>\n\n    <div class=\"ml-contacto-premium__formbox\">\n      \n<div class=\"wpcf7 no-js\" id=\"wpcf7-f654-o1\" lang=\"es-ES\" dir=\"ltr\" data-wpcf7-id=\"654\">\n<div class=\"screen-reader-response\"><p role=\"status\" aria-live=\"polite\" aria-atomic=\"true\"><\/p> <ul><\/ul><\/div>\n<form action=\"\/en\/wp-json\/wp\/v2\/pages\/136#wpcf7-f654-o1\" method=\"post\" class=\"wpcf7-form init\" aria-label=\"Formulario de contacto\" novalidate=\"novalidate\" data-status=\"init\">\n<fieldset class=\"hidden-fields-container\"><input type=\"hidden\" name=\"_wpcf7\" value=\"654\" \/><input type=\"hidden\" name=\"_wpcf7_version\" value=\"6.1.5\" \/><input type=\"hidden\" name=\"_wpcf7_locale\" value=\"es_ES\" \/><input type=\"hidden\" name=\"_wpcf7_unit_tag\" value=\"wpcf7-f654-o1\" \/><input type=\"hidden\" name=\"_wpcf7_container_post\" value=\"0\" \/><input type=\"hidden\" name=\"_wpcf7_posted_data_hash\" value=\"\" \/>\n<\/fieldset>\n<input class=\"wpcf7-form-control wpcf7-hidden\" value=\"contacto_general\" type=\"hidden\" name=\"origen_formulario\" \/>\n<input class=\"wpcf7-form-control wpcf7-hidden\" value=\"informacion\" type=\"hidden\" name=\"tipo_solicitud\" \/>\n<h3>Env\u00edanos tu consulta\n<\/h3>\n<p><label>Nombre completo<br \/>\n<span class=\"wpcf7-form-control-wrap\" data-name=\"nombre_tomador\"><input size=\"40\" maxlength=\"400\" class=\"wpcf7-form-control wpcf7-text wpcf7-validates-as-required\" aria-required=\"true\" aria-invalid=\"false\" placeholder=\"Nombre y apellidos\" value=\"\" type=\"text\" name=\"nombre_tomador\" \/><\/span><br \/>\n<\/label>\n<\/p>\n<p><label>Tel\u00e9fono<br \/>\n<span class=\"wpcf7-form-control-wrap\" data-name=\"telefono\"><input size=\"40\" maxlength=\"400\" class=\"wpcf7-form-control wpcf7-tel wpcf7-text wpcf7-validates-as-tel\" aria-invalid=\"false\" placeholder=\"Tel\u00e9fono de contacto\" value=\"\" type=\"tel\" name=\"telefono\" \/><\/span><br \/>\n<\/label>\n<\/p>\n<p><label>Correo electr\u00f3nico<br \/>\n<span class=\"wpcf7-form-control-wrap\" data-name=\"email\"><input size=\"40\" maxlength=\"400\" class=\"wpcf7-form-control wpcf7-email wpcf7-validates-as-required wpcf7-text wpcf7-validates-as-email\" aria-required=\"true\" aria-invalid=\"false\" placeholder=\"Correo electr\u00f3nico\" value=\"\" type=\"email\" name=\"email\" \/><\/span><br \/>\n<\/label>\n<\/p>\n<p><label>C\u00f3digo postal<br \/>\n<span class=\"wpcf7-form-control-wrap\" data-name=\"codigo_postal\"><input size=\"40\" maxlength=\"400\" class=\"wpcf7-form-control wpcf7-text\" aria-invalid=\"false\" placeholder=\"C\u00f3digo postal\" value=\"\" type=\"text\" name=\"codigo_postal\" \/><\/span><br \/>\n<\/label>\n<\/p>\n<p><label>Tipo de cliente<br \/>\n<span class=\"wpcf7-form-control-wrap\" data-name=\"tipo_cliente\"><select class=\"wpcf7-form-control wpcf7-select wpcf7-validates-as-required\" aria-required=\"true\" aria-invalid=\"false\" name=\"tipo_cliente\"><option value=\"Particular\">Particular<\/option><option value=\"Aut\u00f3nomo\">Aut\u00f3nomo<\/option><option value=\"Empresa \/ Pyme\">Empresa \/ Pyme<\/option><option value=\"Taxi\">Taxi<\/option><option value=\"VTC\">VTC<\/option><option value=\"Colaborador\">Colaborador<\/option><\/select><\/span><br \/>\n<\/label>\n<\/p>\n<p><label>Tipo de seguro<br \/>\n<span class=\"wpcf7-form-control-wrap\" data-name=\"tipo_seguro\"><select class=\"wpcf7-form-control wpcf7-select wpcf7-validates-as-required\" aria-required=\"true\" aria-invalid=\"false\" name=\"tipo_seguro\"><option value=\"Seguro de hogar\">Seguro de hogar<\/option><option value=\"Seguro de coche\">Seguro de coche<\/option><option value=\"Seguro de salud\">Seguro de salud<\/option><option value=\"Seguro de vida\">Seguro de vida<\/option><option value=\"Seguro de decesos\">Seguro de decesos<\/option><option value=\"Seguro para empresa\">Seguro para empresa<\/option><option value=\"Responsabilidad civil\">Responsabilidad civil<\/option><option value=\"Multirriesgo negocio\">Multirriesgo negocio<\/option><option value=\"Seguro para aut\u00f3nomos\">Seguro para aut\u00f3nomos<\/option><option value=\"Seguro de flotas\">Seguro de flotas<\/option><option value=\"Seguro Taxi\">Seguro Taxi<\/option><option value=\"Seguro VTC\">Seguro VTC<\/option><option value=\"Seguro flota Taxi \/ VTC\">Seguro flota Taxi \/ VTC<\/option><option value=\"Seguro transporte\">Seguro transporte<\/option><option value=\"Seguro construcci\u00f3n\">Seguro construcci\u00f3n<\/option><option value=\"Seguro hosteler\u00eda\">Seguro hosteler\u00eda<\/option><option value=\"Otro\">Otro<\/option><\/select><\/span><br \/>\n<\/label>\n<\/p>\n<p><label>Mensaje<br \/>\n<span class=\"wpcf7-form-control-wrap\" data-name=\"mensaje\"><textarea cols=\"40\" rows=\"10\" maxlength=\"2000\" class=\"wpcf7-form-control wpcf7-textarea wpcf7-validates-as-required\" aria-required=\"true\" aria-invalid=\"false\" placeholder=\"Cu\u00e9ntanos brevemente qu\u00e9 seguro necesitas o en qu\u00e9 podemos ayudarte\" name=\"mensaje\"><\/textarea><\/span><br \/>\n<\/label>\n<\/p>\n<p><input class=\"wpcf7-form-control wpcf7-submit has-spinner\" type=\"submit\" value=\"Enviar consulta\" \/>\n<\/p><div class=\"wpcf7-response-output\" aria-hidden=\"true\"><\/div>\n<\/form>\n<\/div>\n\n    <\/div>\n\n  <\/div>\n<\/section>\n\n<style>\n.ml-contacto-premium{\n  width:100%;\n  padding:24px 0 64px;\n  background:#ffffff;\n}\n\n.ml-contacto-premium__wrap{\n  max-width:760px;\n  margin:0 auto;\n  padding:0 24px;\n  box-sizing:border-box;\n}\n\n.ml-contacto-premium__top{\n  margin-bottom:24px;\n  text-align:center;\n}\n\n.ml-contacto-premium__intro{\n  margin:0 0 18px;\n  font-size:18px;\n  line-height:1.7;\n  color:#374151;\n}\n\n.ml-contacto-premium__buttons{\n  display:flex;\n  justify-content:center;\n  gap:12px;\n  flex-wrap:wrap;\n}\n\n.ml-contacto-premium__btn{\n  display:inline-flex;\n  align-items:center;\n  justify-content:center;\n  padding:14px 18px;\n  border-radius:14px;\n  text-decoration:none;\n  font-size:15px;\n  font-weight:800;\n  transition:all .2s ease;\n  border:1px solid #0f172a;\n}\n\n.ml-contacto-premium__btn--dark{\n  background:#0f172a;\n  color:#ffffff;\n}\n\n.ml-contacto-premium__btn--light{\n  background:#ffffff;\n  color:#0f172a;\n}\n\n.ml-contacto-premium__btn:hover{\n  opacity:.95;\n  transform:translateY(-1px);\n}\n\n.ml-contacto-premium__formbox{\n  background:#ffffff;\n  border:1px solid #e5e7eb;\n  border-radius:24px;\n  box-shadow:0 18px 45px rgba(15,23,42,.06);\n  padding:30px;\n  box-sizing:border-box;\n}\n\n\/* Contact Form 7 *\/\n.ml-contacto-premium__formbox .wpcf7{\n  width:100%;\n}\n\n.ml-contacto-premium__formbox .wpcf7 form{\n  margin:0;\n}\n\n.ml-contacto-premium__formbox .wpcf7 h3{\n  margin:0 0 16px;\n  font-size:24px;\n  line-height:1.2;\n  color:#111827;\n}\n\n.ml-contacto-premium__formbox .wpcf7 p{\n  margin:0 0 16px;\n}\n\n.ml-contacto-premium__formbox .wpcf7 label{\n  display:block;\n  width:100%;\n  font-size:15px;\n  line-height:1.45;\n  font-weight:700;\n  color:#111827;\n}\n\n.ml-contacto-premium__formbox .wpcf7 input[type=\"text\"],\n.ml-contacto-premium__formbox .wpcf7 input[type=\"email\"],\n.ml-contacto-premium__formbox .wpcf7 input[type=\"tel\"],\n.ml-contacto-premium__formbox .wpcf7 select,\n.ml-contacto-premium__formbox .wpcf7 textarea{\n  width:100%;\n  max-width:100%;\n  margin-top:8px;\n  padding:14px 15px;\n  border:1px solid #d1d5db;\n  border-radius:14px;\n  font-size:15px;\n  line-height:1.45;\n  color:#111827;\n  background:#fff;\n  box-sizing:border-box;\n}\n\n.ml-contacto-premium__formbox .wpcf7 textarea{\n  min-height:130px;\n  resize:vertical;\n}\n\n.ml-contacto-premium__formbox .wpcf7 input:focus,\n.ml-contacto-premium__formbox .wpcf7 select:focus,\n.ml-contacto-premium__formbox .wpcf7 textarea:focus{\n  outline:none;\n  border-color:#0f172a;\n}\n\n.ml-contacto-premium__formbox .wpcf7 input[type=\"submit\"]{\n  width:100%;\n  border:none;\n  border-radius:14px;\n  padding:16px 18px;\n  background:#0f172a;\n  color:#fff;\n  font-size:17px;\n  font-weight:800;\n  line-height:1.2;\n  cursor:pointer;\n  transition:opacity .2s ease, transform .2s ease;\n  margin-top:10px;\n}\n\n.ml-contacto-premium__formbox .wpcf7 input[type=\"submit\"]:hover{\n  opacity:.95;\n  transform:translateY(-1px);\n}\n\n.ml-contacto-premium__formbox .wpcf7-response-output{\n  margin:18px 0 0 !important;\n  padding:12px 14px !important;\n  border-radius:14px;\n  font-size:14px;\n  line-height:1.45;\n  box-sizing:border-box;\n}\n\n.ml-contacto-premium__formbox .wpcf7-not-valid-tip{\n  margin-top:6px;\n  font-size:13px;\n}\n\n@media (max-width:767px){\n\n.ml-contacto-premium{\n  padding:20px 0 40px;\n}\n\n.ml-contacto-premium__wrap{\n  padding:0 12px;\n}\n\n.ml-contacto-premium__intro{\n  font-size:16px;\n}\n\n.ml-contacto-premium__btn{\n  width:100%;\n}\n\n.ml-contacto-premium__formbox{\n  padding:20px 16px;\n  border-radius:18px;\n}\n\n.ml-contacto-premium__formbox .wpcf7 h3{\n  font-size:21px;\n}\n\n.ml-contacto-premium__formbox .wpcf7 label{\n  font-size:15px;\n}\n\n.ml-contacto-premium__formbox .wpcf7 input[type=\"text\"],\n.ml-contacto-premium__formbox .wpcf7 input[type=\"email\"],\n.ml-contacto-premium__formbox .wpcf7 input[type=\"tel\"],\n.ml-contacto-premium__formbox .wpcf7 select,\n.ml-contacto-premium__formbox .wpcf7 textarea{\n  font-size:16px;\n  padding:13px 14px;\n}\n\n.ml-contacto-premium__formbox .wpcf7 input[type=\"submit\"]{\n  font-size:16px;\n  padding:15px 16px;\n}\n\n}\n<\/style>\n<\/div>\n<\/div>\n<\/div>\n<\/div>\n<\/div><\/div>\n<\/div>\n","protected":false},"excerpt":{"rendered":"<p>Si tienes alguna consulta sobre seguros para particulares, aut\u00f3nomos, empresas, Taxi o VTC, puedes enviarnos tu mensaje o contactar directamente con nosotros. Contactar por WhatsApp Contactar por email<\/p>","protected":false},"author":1,"featured_media":0,"parent":0,"menu_order":0,"comment_status":"closed","ping_status":"closed","template":"page-with-title","meta":{"footnotes":""},"class_list":["post-136","page","type-page","status-publish","hentry"],"_links":{"self":[{"href":"https:\/\/segurosml.com\/en\/wp-json\/wp\/v2\/pages\/136","targetHints":{"allow":["GET"]}}],"collection":[{"href":"https:\/\/segurosml.com\/en\/wp-json\/wp\/v2\/pages"}],"about":[{"href":"https:\/\/segurosml.com\/en\/wp-json\/wp\/v2\/types\/page"}],"author":[{"embeddable":true,"href":"https:\/\/segurosml.com\/en\/wp-json\/wp\/v2\/users\/1"}],"replies":[{"embeddable":true,"href":"https:\/\/segurosml.com\/en\/wp-json\/wp\/v2\/comments?post=136"}],"version-history":[{"count":34,"href":"https:\/\/segurosml.com\/en\/wp-json\/wp\/v2\/pages\/136\/revisions"}],"predecessor-version":[{"id":660,"href":"https:\/\/segurosml.com\/en\/wp-json\/wp\/v2\/pages\/136\/revisions\/660"}],"wp:attachment":[{"href":"https:\/\/segurosml.com\/en\/wp-json\/wp\/v2\/media?parent=136"}],"curies":[{"name":"wp","href":"https:\/\/api.w.org\/{rel}","templated":true}]}}