{"id":138,"date":"2026-01-10T18:27:23","date_gmt":"2026-01-10T18:27:23","guid":{"rendered":"https:\/\/segurosml.com\/servicios\/"},"modified":"2026-03-07T18:15:48","modified_gmt":"2026-03-07T18:15:48","slug":"por-que-ml-seguros","status":"publish","type":"page","link":"https:\/\/segurosml.com\/en\/por-que-ml-seguros\/","title":{"rendered":"Qui\u00e9nes Somos"},"content":{"rendered":"<div class=\"wp-block-group alignfull is-style-ext-preset--group--natural-1--section has-background-background-color has-background has-global-padding is-layout-constrained wp-container-core-group-is-layout-843e5a6d wp-block-group-is-layout-constrained\" style=\"margin-top:0;margin-bottom:0;padding-top:var(--wp--preset--spacing--70);padding-bottom:var(--wp--preset--spacing--70)\">\n<h2 class=\"wp-block-heading has-text-align-center ext-animate--on\">En ML Seguros, nuestra misi\u00f3n es brindar soluciones aseguradoras especializadas que protejan a nuestros clientes con profesionalismo y confianza.<\/h2>\n\n\n\n<p class=\"has-text-align-center ext-animate--on\" style=\"margin-top:1.5rem\">Como parte de Albrok Mediaci\u00f3n S.A. y en alianza con Willis Towers Watson Networks, ofrecemos acceso exclusivo a m\u00e1s de 95 aseguradoras, enfoc\u00e1ndonos en riesgos complejos y sectores clave como taxis y VTC para garantizar tranquilidad y seguridad.<\/p>\n\n\n\n<figure class=\"wp-block-image size-full is-style-ext-preset-image-natural-1-image-1--content-any is-style-ext-preset--image--natural-1--image-1--content-any ext-animate--on is-style-ext-preset--image--natural-1--image-1--content-any--2\"><img loading=\"lazy\" decoding=\"async\" width=\"1024\" height=\"1024\" src=\"https:\/\/segurosml.com\/wp-content\/uploads\/2026\/02\/ChatGPT-Image-26-feb-2026-07_52_35-3.png\" alt=\"\" class=\"wp-image-448\" srcset=\"https:\/\/segurosml.com\/wp-content\/uploads\/2026\/02\/ChatGPT-Image-26-feb-2026-07_52_35-3.png 1024w, https:\/\/segurosml.com\/wp-content\/uploads\/2026\/02\/ChatGPT-Image-26-feb-2026-07_52_35-3-300x300.png 300w, https:\/\/segurosml.com\/wp-content\/uploads\/2026\/02\/ChatGPT-Image-26-feb-2026-07_52_35-3-150x150.png 150w, https:\/\/segurosml.com\/wp-content\/uploads\/2026\/02\/ChatGPT-Image-26-feb-2026-07_52_35-3-768x768.png 768w, https:\/\/segurosml.com\/wp-content\/uploads\/2026\/02\/ChatGPT-Image-26-feb-2026-07_52_35-3-12x12.png 12w\" sizes=\"auto, (max-width: 1024px) 100vw, 1024px\" \/><\/figure>\n<\/div>\n\n\n\n<div class=\"wp-block-group alignfull is-style-ext-preset--group--natural-1--section has-tertiary-background-color has-background has-global-padding is-layout-constrained wp-container-core-group-is-layout-e955bbaf wp-block-group-is-layout-constrained\" style=\"margin-top:0;margin-bottom:0;padding-top:var(--wp--preset--spacing--70);padding-bottom:var(--wp--preset--spacing--70)\">\n<div class=\"wp-block-group alignwide ext-is-logical-start has-global-padding is-content-justification-left is-layout-constrained wp-container-core-group-is-layout-6729bdbe wp-block-group-is-layout-constrained\">\n<h2 class=\"wp-block-heading ext-animate--on\">Soluciones aseguradoras especializadas y colaboraciones estrat\u00e9gicas<\/h2>\n\n\n\n<p class=\"has-text-align-left ext-animate--on\">ML Seguros, marca de Albrok Mediaci\u00f3n S.A., conecta con m\u00e1s de 95 aseguradoras gracias a Willis Towers Watson Networks, destacando en riesgos complejos y sectores como taxis y VTC.<\/p>\n<\/div>\n\n\n\n<div class=\"wp-block-columns alignwide is-layout-flex wp-container-core-columns-is-layout-174606dc wp-block-columns-is-layout-flex\">\n<div class=\"wp-block-column is-vertically-aligned-center is-layout-flow wp-block-column-is-layout-flow\">\n<div class=\"wp-block-columns is-layout-flex wp-container-core-columns-is-layout-28f84493 wp-block-columns-is-layout-flex\">\n<div class=\"wp-block-column is-vertically-aligned-stretch ext-animate--on is-layout-flow wp-block-column-is-layout-flow\">\n<div class=\"wp-block-group is-style-ext-preset--group--natural-1--item-card-1--align-start has-global-padding is-layout-constrained wp-block-group-is-layout-constrained is-style-ext-preset--group--natural-1--item-card-1--align-start--4\">\n<div class=\"wp-block-group is-style-default has-global-padding is-layout-constrained wp-block-group-is-layout-constrained\">\n<h3 class=\"wp-block-heading has-primary-color has-text-color has-link-color has-x-large-font-size wp-elements-7e739fd8e4a703acb13bb076da3c8b87\">95<\/h3>\n\n\n\n<h3 class=\"wp-block-heading\">Red de Aseguradoras<\/h3>\n\n\n\n<p>Acceso exclusivo a una amplia red de aseguradoras l\u00edderes para ofrecer coberturas personalizadas.<\/p>\n<\/div>\n<\/div>\n<\/div>\n\n\n\n<div class=\"wp-block-column is-vertically-aligned-stretch ext-animate--on is-layout-flow wp-block-column-is-layout-flow\">\n<div class=\"wp-block-group is-style-ext-preset--group--natural-1--item-card-1--align-start has-global-padding is-layout-constrained wp-block-group-is-layout-constrained is-style-ext-preset--group--natural-1--item-card-1--align-start--5\">\n<div class=\"wp-block-group is-style-default has-global-padding is-layout-constrained wp-block-group-is-layout-constrained\">\n<h3 class=\"wp-block-heading has-primary-color has-text-color has-link-color has-x-large-font-size wp-elements-cbfb11b1fa5d5a88be1c37e8880e1155\">85<\/h3>\n\n\n\n<h3 class=\"wp-block-heading\">Especializaci\u00f3n en Riesgos<\/h3>\n\n\n\n<p>Experiencia destacada en seguros para riesgos complejos y adaptados a necesidades espec\u00edficas.<\/p>\n<\/div>\n<\/div>\n<\/div>\n<\/div>\n\n\n\n<div class=\"wp-block-columns is-layout-flex wp-container-core-columns-is-layout-28f84493 wp-block-columns-is-layout-flex\">\n<div class=\"wp-block-column is-vertically-aligned-stretch ext-animate--on is-layout-flow wp-block-column-is-layout-flow\">\n<div class=\"wp-block-group is-style-ext-preset--group--natural-1--item-card-1--align-start has-global-padding is-layout-constrained wp-block-group-is-layout-constrained is-style-ext-preset--group--natural-1--item-card-1--align-start--6\">\n<div class=\"wp-block-group is-style-default has-global-padding is-layout-constrained wp-block-group-is-layout-constrained\">\n<h3 class=\"wp-block-heading has-primary-color has-text-color has-link-color has-x-large-font-size wp-elements-67edcc0ba22ef1f5628816176559a444\">70<\/h3>\n\n\n\n<h3 class=\"wp-block-heading\">Sectores Clave<\/h3>\n\n\n\n<p>Soluciones aseguradoras dise\u00f1adas especialmente para taxis, VTC y otros sectores especializados.<\/p>\n<\/div>\n<\/div>\n<\/div>\n\n\n\n<div class=\"wp-block-column is-vertically-aligned-stretch ext-animate--on is-layout-flow wp-block-column-is-layout-flow\">\n<div class=\"wp-block-group is-style-ext-preset--group--natural-1--item-card-1--align-start has-global-padding is-layout-constrained wp-block-group-is-layout-constrained is-style-ext-preset--group--natural-1--item-card-1--align-start--7\">\n<div class=\"wp-block-group is-style-default has-global-padding is-layout-constrained wp-block-group-is-layout-constrained\">\n<h3 class=\"wp-block-heading has-primary-color has-text-color has-link-color has-x-large-font-size wp-elements-616046c4b8180521c062d3809ed7cdd8\">100<\/h3>\n\n\n\n<h3 class=\"wp-block-heading\">Alianzas Estrat\u00e9gicas<\/h3>\n\n\n\n<p>Colaboraci\u00f3n con Willis Towers Watson Networks para maximizar cobertura y servicios exclusivos.<\/p>\n<\/div>\n<\/div>\n<\/div>\n<\/div>\n<\/div>\n\n\n\n<div class=\"wp-block-column is-vertically-aligned-stretch ext-animate--on is-layout-flow wp-container-core-column-is-layout-119bc444 wp-block-column-is-layout-flow\">\n<div class=\"wp-block-cover is-light is-style-ext-preset--image--natural-1--image-1--content-bottom is-style-ext-preset--image--natural-1--image-1--content-bottom--8\" style=\"padding-top:0;padding-bottom:0;min-height:100%;aspect-ratio:unset;\"><img loading=\"lazy\" decoding=\"async\" width=\"1024\" height=\"1024\" class=\"wp-block-cover__image-background wp-image-448 size-full\" alt=\"\" src=\"https:\/\/segurosml.com\/wp-content\/uploads\/2026\/02\/ChatGPT-Image-26-feb-2026-07_52_35-3.png\" data-object-fit=\"cover\" srcset=\"https:\/\/segurosml.com\/wp-content\/uploads\/2026\/02\/ChatGPT-Image-26-feb-2026-07_52_35-3.png 1024w, https:\/\/segurosml.com\/wp-content\/uploads\/2026\/02\/ChatGPT-Image-26-feb-2026-07_52_35-3-300x300.png 300w, https:\/\/segurosml.com\/wp-content\/uploads\/2026\/02\/ChatGPT-Image-26-feb-2026-07_52_35-3-150x150.png 150w, https:\/\/segurosml.com\/wp-content\/uploads\/2026\/02\/ChatGPT-Image-26-feb-2026-07_52_35-3-768x768.png 768w, https:\/\/segurosml.com\/wp-content\/uploads\/2026\/02\/ChatGPT-Image-26-feb-2026-07_52_35-3-12x12.png 12w\" sizes=\"auto, (max-width: 1024px) 100vw, 1024px\" \/><span aria-hidden=\"true\" class=\"wp-block-cover__background has-background-dim-0 has-background-dim\" style=\"background-color:#f3eeef\"><\/span><div class=\"wp-block-cover__inner-container is-layout-flow wp-block-cover-is-layout-flow\">\n<div style=\"height:240px\" aria-hidden=\"true\" class=\"wp-block-spacer\"><\/div>\n<\/div><\/div>\n<\/div>\n<\/div>\n<\/div>\n\n\n\n<div class=\"wp-block-group alignfull is-style-ext-preset--group--natural-1--section has-tertiary-background-color has-background has-global-padding is-layout-constrained wp-block-group-is-layout-constrained\" style=\"margin-top:0;margin-bottom:0;padding-top:var(--wp--preset--spacing--70);padding-bottom:var(--wp--preset--spacing--70)\">\n<div class=\"wp-block-columns alignwide are-vertically-aligned-center is-layout-flex wp-container-core-columns-is-layout-174606dc wp-block-columns-is-layout-flex\">\n<div class=\"wp-block-column is-vertically-aligned-center is-layout-flow wp-block-column-is-layout-flow\">\n<h2 class=\"wp-block-heading ext-animate--on\">Conf\u00eda en ML Seguros para proteger tu futuro hoy.<\/h2>\n\n\n\n<p class=\"ext-animate--on\" style=\"margin-top:1.5rem\">En ML Seguros, te brindamos acceso exclusivo a soluciones aseguradoras especializadas, respaldadas por m\u00e1s de 95 compa\u00f1\u00edas l\u00edderes para proteger tus riesgos complejos y sectores como taxis y VTC. Descubre c\u00f3mo podemos ayudarte a asegurar lo que m\u00e1s valoras.<\/p>\n\n\n\n<div class=\"wp-block-buttons ext-animate--on is-layout-flex wp-block-buttons-is-layout-flex\">\n<div class=\"wp-block-button is-style-ext-preset--button--natural-1--button-1 is-style-ext-preset--button--natural-1--button-1--10\"><a class=\"wp-block-button__link wp-element-button\" href=\"https:\/\/segurosml.com\/en\/contacto\/\">Conoce m\u00e1s<\/a><\/div>\n<\/div>\n<\/div>\n\n\n\n<div class=\"wp-block-column is-vertically-aligned-center is-layout-flow wp-block-column-is-layout-flow\">\n<figure class=\"wp-block-image size-large is-style-ext-preset--image--natural-1--image-1--content-right ext-animate--on is-style-ext-preset--image--natural-1--image-1--content-right--11\"><img loading=\"lazy\" decoding=\"async\" width=\"1024\" height=\"683\" src=\"https:\/\/segurosml.com\/wp-content\/uploads\/2026\/01\/image-1-1024x683.jpg\" alt=\"\" class=\"wp-image-167\" style=\"aspect-ratio:4\/3;object-fit:cover\" srcset=\"https:\/\/segurosml.com\/wp-content\/uploads\/2026\/01\/image-1-1024x683.jpg 1024w, https:\/\/segurosml.com\/wp-content\/uploads\/2026\/01\/image-1-300x200.jpg 300w, https:\/\/segurosml.com\/wp-content\/uploads\/2026\/01\/image-1-768x512.jpg 768w, https:\/\/segurosml.com\/wp-content\/uploads\/2026\/01\/image-1-18x12.jpg 18w, https:\/\/segurosml.com\/wp-content\/uploads\/2026\/01\/image-1.jpg 1080w\" sizes=\"auto, (max-width: 1024px) 100vw, 1024px\" \/><\/figure>\n<\/div>\n<\/div>\n<\/div>","protected":false},"excerpt":{"rendered":"<p>En ML Seguros, nuestra misi\u00f3n es brindar soluciones aseguradoras especializadas que protejan a nuestros clientes con profesionalismo y confianza. Como parte de Albrok Mediaci\u00f3n S.A. y en alianza con Willis Towers Watson Networks, ofrecemos acceso exclusivo a m\u00e1s de 95 aseguradoras, enfoc\u00e1ndonos en riesgos complejos y sectores clave como taxis y VTC para garantizar tranquilidad [&hellip;]<\/p>\n","protected":false},"author":1,"featured_media":0,"parent":0,"menu_order":0,"comment_status":"closed","ping_status":"closed","template":"page-with-title","meta":{"footnotes":""},"class_list":["post-138","page","type-page","status-publish","hentry"],"yoast_head":"<!-- This site is optimized with the Yoast SEO plugin v27.3 - https:\/\/yoast.com\/product\/yoast-seo-wordpress\/ -->\n<title>Qui\u00e9nes Somos - ML Seguros<\/title>\n<meta name=\"robots\" content=\"index, follow, max-snippet:-1, max-image-preview:large, max-video-preview:-1\" \/>\n<link rel=\"canonical\" href=\"https:\/\/segurosml.com\/en\/por-que-ml-seguros\/\" \/>\n<meta property=\"og:locale\" content=\"en_US\" \/>\n<meta property=\"og:type\" content=\"article\" \/>\n<meta property=\"og:title\" content=\"Qui\u00e9nes Somos - ML Seguros\" \/>\n<meta property=\"og:description\" content=\"En ML Seguros, nuestra misi\u00f3n es brindar soluciones aseguradoras especializadas que protejan a nuestros clientes con profesionalismo y confianza. Como parte de Albrok Mediaci\u00f3n S.A. y en alianza con Willis Towers Watson Networks, ofrecemos acceso exclusivo a m\u00e1s de 95 aseguradoras, enfoc\u00e1ndonos en riesgos complejos y sectores clave como taxis y VTC para garantizar tranquilidad [&hellip;]\" \/>\n<meta property=\"og:url\" content=\"https:\/\/segurosml.com\/en\/por-que-ml-seguros\/\" \/>\n<meta property=\"og:site_name\" content=\"ML Seguros\" \/>\n<meta property=\"article:publisher\" content=\"https:\/\/www.facebook.com\/profile.php?id=61578354475514\" \/>\n<meta property=\"article:modified_time\" content=\"2026-03-07T18:15:48+00:00\" \/>\n<meta property=\"og:image\" content=\"https:\/\/segurosml.com\/wp-content\/uploads\/2026\/02\/ChatGPT-Image-26-feb-2026-07_52_35-3.png\" \/>\n\t<meta property=\"og:image:width\" content=\"1024\" \/>\n\t<meta property=\"og:image:height\" content=\"1024\" \/>\n\t<meta property=\"og:image:type\" content=\"image\/png\" \/>\n<meta name=\"twitter:card\" content=\"summary_large_image\" \/>\n<meta name=\"twitter:label1\" content=\"Est. reading time\" \/>\n\t<meta name=\"twitter:data1\" content=\"1 minute\" \/>\n<script type=\"application\/ld+json\" class=\"yoast-schema-graph\">{\"@context\":\"https:\\\/\\\/schema.org\",\"@graph\":[{\"@type\":\"WebPage\",\"@id\":\"https:\\\/\\\/segurosml.com\\\/en\\\/por-que-ml-seguros\\\/\",\"url\":\"https:\\\/\\\/segurosml.com\\\/en\\\/por-que-ml-seguros\\\/\",\"name\":\"Qui\u00e9nes Somos - ML Seguros\",\"isPartOf\":{\"@id\":\"https:\\\/\\\/segurosml.com\\\/#website\"},\"primaryImageOfPage\":{\"@id\":\"https:\\\/\\\/segurosml.com\\\/en\\\/por-que-ml-seguros\\\/#primaryimage\"},\"image\":{\"@id\":\"https:\\\/\\\/segurosml.com\\\/en\\\/por-que-ml-seguros\\\/#primaryimage\"},\"thumbnailUrl\":\"https:\\\/\\\/segurosml.com\\\/wp-content\\\/uploads\\\/2026\\\/02\\\/ChatGPT-Image-26-feb-2026-07_52_35-3.png\",\"datePublished\":\"2026-01-10T18:27:23+00:00\",\"dateModified\":\"2026-03-07T18:15:48+00:00\",\"breadcrumb\":{\"@id\":\"https:\\\/\\\/segurosml.com\\\/en\\\/por-que-ml-seguros\\\/#breadcrumb\"},\"inLanguage\":\"en-US\",\"potentialAction\":[{\"@type\":\"ReadAction\",\"target\":[\"https:\\\/\\\/segurosml.com\\\/en\\\/por-que-ml-seguros\\\/\"]}]},{\"@type\":\"ImageObject\",\"inLanguage\":\"en-US\",\"@id\":\"https:\\\/\\\/segurosml.com\\\/en\\\/por-que-ml-seguros\\\/#primaryimage\",\"url\":\"https:\\\/\\\/segurosml.com\\\/wp-content\\\/uploads\\\/2026\\\/02\\\/ChatGPT-Image-26-feb-2026-07_52_35-3.png\",\"contentUrl\":\"https:\\\/\\\/segurosml.com\\\/wp-content\\\/uploads\\\/2026\\\/02\\\/ChatGPT-Image-26-feb-2026-07_52_35-3.png\"},{\"@type\":\"BreadcrumbList\",\"@id\":\"https:\\\/\\\/segurosml.com\\\/en\\\/por-que-ml-seguros\\\/#breadcrumb\",\"itemListElement\":[{\"@type\":\"ListItem\",\"position\":1,\"name\":\"Portada\",\"item\":\"https:\\\/\\\/segurosml.com\\\/\"},{\"@type\":\"ListItem\",\"position\":2,\"name\":\"Qui\u00e9nes Somos\"}]},{\"@type\":\"WebSite\",\"@id\":\"https:\\\/\\\/segurosml.com\\\/#website\",\"url\":\"https:\\\/\\\/segurosml.com\\\/\",\"name\":\"ML Seguros\",\"description\":\"&quot;Tu seguro como t\u00fa lo necesitas&quot;\",\"publisher\":{\"@id\":\"https:\\\/\\\/segurosml.com\\\/#organization\"},\"potentialAction\":[{\"@type\":\"SearchAction\",\"target\":{\"@type\":\"EntryPoint\",\"urlTemplate\":\"https:\\\/\\\/segurosml.com\\\/?s={search_term_string}\"},\"query-input\":{\"@type\":\"PropertyValueSpecification\",\"valueRequired\":true,\"valueName\":\"search_term_string\"}}],\"inLanguage\":\"en-US\"},{\"@type\":\"Organization\",\"@id\":\"https:\\\/\\\/segurosml.com\\\/#organization\",\"name\":\"ML Seguros\",\"url\":\"https:\\\/\\\/segurosml.com\\\/\",\"logo\":{\"@type\":\"ImageObject\",\"inLanguage\":\"en-US\",\"@id\":\"https:\\\/\\\/segurosml.com\\\/#\\\/schema\\\/logo\\\/image\\\/\",\"url\":\"https:\\\/\\\/segurosml.com\\\/wp-content\\\/uploads\\\/2026\\\/01\\\/ChatGPT-Image-26-feb-2026-07_52_35.png\",\"contentUrl\":\"https:\\\/\\\/segurosml.com\\\/wp-content\\\/uploads\\\/2026\\\/01\\\/ChatGPT-Image-26-feb-2026-07_52_35.png\",\"width\":1024,\"height\":1024,\"caption\":\"ML Seguros\"},\"image\":{\"@id\":\"https:\\\/\\\/segurosml.com\\\/#\\\/schema\\\/logo\\\/image\\\/\"},\"sameAs\":[\"https:\\\/\\\/www.facebook.com\\\/profile.php?id=61578354475514\",\"https:\\\/\\\/www.tiktok.com\\\/@mlseguros?_r=1&_t=ZN-95OjaZg5dag\"]}]}<\/script>\n<!-- \/ Yoast SEO plugin. -->","yoast_head_json":{"title":"Qui\u00e9nes Somos - ML Seguros","robots":{"index":"index","follow":"follow","max-snippet":"max-snippet:-1","max-image-preview":"max-image-preview:large","max-video-preview":"max-video-preview:-1"},"canonical":"https:\/\/segurosml.com\/en\/por-que-ml-seguros\/","og_locale":"en_US","og_type":"article","og_title":"Qui\u00e9nes Somos - ML Seguros","og_description":"En ML Seguros, nuestra misi\u00f3n es brindar soluciones aseguradoras especializadas que protejan a nuestros clientes con profesionalismo y confianza. Como parte de Albrok Mediaci\u00f3n S.A. y en alianza con Willis Towers Watson Networks, ofrecemos acceso exclusivo a m\u00e1s de 95 aseguradoras, enfoc\u00e1ndonos en riesgos complejos y sectores clave como taxis y VTC para garantizar tranquilidad [&hellip;]","og_url":"https:\/\/segurosml.com\/en\/por-que-ml-seguros\/","og_site_name":"ML Seguros","article_publisher":"https:\/\/www.facebook.com\/profile.php?id=61578354475514","article_modified_time":"2026-03-07T18:15:48+00:00","og_image":[{"width":1024,"height":1024,"url":"https:\/\/segurosml.com\/wp-content\/uploads\/2026\/02\/ChatGPT-Image-26-feb-2026-07_52_35-3.png","type":"image\/png"}],"twitter_card":"summary_large_image","twitter_misc":{"Est. reading time":"1 minute"},"schema":{"@context":"https:\/\/schema.org","@graph":[{"@type":"WebPage","@id":"https:\/\/segurosml.com\/en\/por-que-ml-seguros\/","url":"https:\/\/segurosml.com\/en\/por-que-ml-seguros\/","name":"Qui\u00e9nes Somos - ML Seguros","isPartOf":{"@id":"https:\/\/segurosml.com\/#website"},"primaryImageOfPage":{"@id":"https:\/\/segurosml.com\/en\/por-que-ml-seguros\/#primaryimage"},"image":{"@id":"https:\/\/segurosml.com\/en\/por-que-ml-seguros\/#primaryimage"},"thumbnailUrl":"https:\/\/segurosml.com\/wp-content\/uploads\/2026\/02\/ChatGPT-Image-26-feb-2026-07_52_35-3.png","datePublished":"2026-01-10T18:27:23+00:00","dateModified":"2026-03-07T18:15:48+00:00","breadcrumb":{"@id":"https:\/\/segurosml.com\/en\/por-que-ml-seguros\/#breadcrumb"},"inLanguage":"en-US","potentialAction":[{"@type":"ReadAction","target":["https:\/\/segurosml.com\/en\/por-que-ml-seguros\/"]}]},{"@type":"ImageObject","inLanguage":"en-US","@id":"https:\/\/segurosml.com\/en\/por-que-ml-seguros\/#primaryimage","url":"https:\/\/segurosml.com\/wp-content\/uploads\/2026\/02\/ChatGPT-Image-26-feb-2026-07_52_35-3.png","contentUrl":"https:\/\/segurosml.com\/wp-content\/uploads\/2026\/02\/ChatGPT-Image-26-feb-2026-07_52_35-3.png"},{"@type":"BreadcrumbList","@id":"https:\/\/segurosml.com\/en\/por-que-ml-seguros\/#breadcrumb","itemListElement":[{"@type":"ListItem","position":1,"name":"Portada","item":"https:\/\/segurosml.com\/"},{"@type":"ListItem","position":2,"name":"Qui\u00e9nes Somos"}]},{"@type":"WebSite","@id":"https:\/\/segurosml.com\/#website","url":"https:\/\/segurosml.com\/","name":"ML Seguros","description":"&quot;Tu seguro como t\u00fa lo necesitas&quot;","publisher":{"@id":"https:\/\/segurosml.com\/#organization"},"potentialAction":[{"@type":"SearchAction","target":{"@type":"EntryPoint","urlTemplate":"https:\/\/segurosml.com\/?s={search_term_string}"},"query-input":{"@type":"PropertyValueSpecification","valueRequired":true,"valueName":"search_term_string"}}],"inLanguage":"en-US"},{"@type":"Organization","@id":"https:\/\/segurosml.com\/#organization","name":"ML Seguros","url":"https:\/\/segurosml.com\/","logo":{"@type":"ImageObject","inLanguage":"en-US","@id":"https:\/\/segurosml.com\/#\/schema\/logo\/image\/","url":"https:\/\/segurosml.com\/wp-content\/uploads\/2026\/01\/ChatGPT-Image-26-feb-2026-07_52_35.png","contentUrl":"https:\/\/segurosml.com\/wp-content\/uploads\/2026\/01\/ChatGPT-Image-26-feb-2026-07_52_35.png","width":1024,"height":1024,"caption":"ML Seguros"},"image":{"@id":"https:\/\/segurosml.com\/#\/schema\/logo\/image\/"},"sameAs":["https:\/\/www.facebook.com\/profile.php?id=61578354475514","https:\/\/www.tiktok.com\/@mlseguros?_r=1&_t=ZN-95OjaZg5dag"]}]}},"_links":{"self":[{"href":"https:\/\/segurosml.com\/en\/wp-json\/wp\/v2\/pages\/138","targetHints":{"allow":["GET"]}}],"collection":[{"href":"https:\/\/segurosml.com\/en\/wp-json\/wp\/v2\/pages"}],"about":[{"href":"https:\/\/segurosml.com\/en\/wp-json\/wp\/v2\/types\/page"}],"author":[{"embeddable":true,"href":"https:\/\/segurosml.com\/en\/wp-json\/wp\/v2\/users\/1"}],"replies":[{"embeddable":true,"href":"https:\/\/segurosml.com\/en\/wp-json\/wp\/v2\/comments?post=138"}],"version-history":[{"count":38,"href":"https:\/\/segurosml.com\/en\/wp-json\/wp\/v2\/pages\/138\/revisions"}],"predecessor-version":[{"id":662,"href":"https:\/\/segurosml.com\/en\/wp-json\/wp\/v2\/pages\/138\/revisions\/662"}],"wp:attachment":[{"href":"https:\/\/segurosml.com\/en\/wp-json\/wp\/v2\/media?parent=138"}],"curies":[{"name":"wp","href":"https:\/\/api.w.org\/{rel}","templated":true}]}}