{"id":332,"date":"2026-01-11T12:08:11","date_gmt":"2026-01-11T12:08:11","guid":{"rendered":"https:\/\/segurosml.com\/seguros-de-negocios\/"},"modified":"2026-01-11T18:06:41","modified_gmt":"2026-01-11T18:06:41","slug":"seguros-de-negocios","status":"publish","type":"page","link":"https:\/\/segurosml.com\/en\/seguros-de-negocios\/","title":{"rendered":"Seguros de negocios"},"content":{"rendered":"<p class=\"has-text-align-center\"><strong>ML Seguros \u00b7 Negocios, PYMES y Aut\u00f3nomos<\/strong><\/p>\n\n\n\n<p class=\"has-text-align-center\">En ML Seguros cuidamos tu actividad profesional, tu empresa y tu futuro, ofreci\u00e9ndote soluciones personalizadas para cada tipo de negocio. Te proporcionamos asesoramiento claro y preciso para que dispongas de la cobertura ideal y trabajes con plena tranquilidad.<\/p>\n\n\n\n<p><br><\/p>\n\n\n\n<figure class=\"wp-block-gallery has-nested-images columns-default is-cropped wp-block-gallery-1 is-layout-flex wp-block-gallery-is-layout-flex\">\n<figure class=\"wp-block-image size-large\"><img loading=\"lazy\" decoding=\"async\" width=\"683\" height=\"1024\" data-id=\"353\" src=\"https:\/\/segurosml.com\/wp-content\/uploads\/2026\/01\/ChatGPT-Image-11-ene-2026-14_17_57-683x1024.png\" alt=\"\" class=\"wp-image-353\" srcset=\"https:\/\/segurosml.com\/wp-content\/uploads\/2026\/01\/ChatGPT-Image-11-ene-2026-14_17_57-683x1024.png 683w, https:\/\/segurosml.com\/wp-content\/uploads\/2026\/01\/ChatGPT-Image-11-ene-2026-14_17_57-200x300.png 200w, https:\/\/segurosml.com\/wp-content\/uploads\/2026\/01\/ChatGPT-Image-11-ene-2026-14_17_57-768x1152.png 768w, https:\/\/segurosml.com\/wp-content\/uploads\/2026\/01\/ChatGPT-Image-11-ene-2026-14_17_57-8x12.png 8w, https:\/\/segurosml.com\/wp-content\/uploads\/2026\/01\/ChatGPT-Image-11-ene-2026-14_17_57.png 1024w\" sizes=\"auto, (max-width: 683px) 100vw, 683px\" \/><\/figure>\n<\/figure>\n\n\n\n<p>Seguro para Taxi y VTC<br>Coberturas espec\u00edficas para profesionales del transporte. Protege tu veh\u00edculo, tu actividad y tus ingresos, con asistencia, responsabilidad civil y opciones dise\u00f1adas para tu licencia.<\/p>\n\n\n\n<p><a href=\"https:\/\/segurosml.com\/en\/contacto\/\" data-type=\"page\" data-id=\"136\"><strong>Solicitar informaci\u00f3n<\/strong><\/a><\/p>\n\n\n\n<hr class=\"wp-block-separator has-alpha-channel-opacity\"\/>\n\n\n\n<figure class=\"wp-block-gallery has-nested-images columns-default is-cropped wp-block-gallery-2 is-layout-flex wp-block-gallery-is-layout-flex\">\n<figure class=\"wp-block-image size-large\"><img loading=\"lazy\" decoding=\"async\" width=\"683\" height=\"1024\" data-id=\"360\" src=\"https:\/\/segurosml.com\/wp-content\/uploads\/2026\/01\/ChatGPT-Image-11-ene-2026-14_21_40-1-683x1024.png\" alt=\"\" class=\"wp-image-360\" srcset=\"https:\/\/segurosml.com\/wp-content\/uploads\/2026\/01\/ChatGPT-Image-11-ene-2026-14_21_40-1-683x1024.png 683w, https:\/\/segurosml.com\/wp-content\/uploads\/2026\/01\/ChatGPT-Image-11-ene-2026-14_21_40-1-200x300.png 200w, https:\/\/segurosml.com\/wp-content\/uploads\/2026\/01\/ChatGPT-Image-11-ene-2026-14_21_40-1-768x1152.png 768w, https:\/\/segurosml.com\/wp-content\/uploads\/2026\/01\/ChatGPT-Image-11-ene-2026-14_21_40-1-8x12.png 8w, https:\/\/segurosml.com\/wp-content\/uploads\/2026\/01\/ChatGPT-Image-11-ene-2026-14_21_40-1.png 1024w\" sizes=\"auto, (max-width: 683px) 100vw, 683px\" \/><\/figure>\n<\/figure>\n\n\n\n<p><br>Seguro de Flotas<br>Gesti\u00f3n completa para flotas empresariales, con condiciones competitivas, control de costes y coberturas unificadas para todos tus veh\u00edculos.<\/p>\n\n\n\n<hr class=\"wp-block-separator has-alpha-channel-opacity\"\/>\n\n\n\n<p><a href=\"https:\/\/segurosml.com\/en\/contacto\/\" data-type=\"page\" data-id=\"136\"><strong>Solicitar informaci\u00f3n<\/strong><\/a><\/p>\n\n\n\n<figure class=\"wp-block-gallery has-nested-images columns-default is-cropped wp-block-gallery-3 is-layout-flex wp-block-gallery-is-layout-flex\">\n<figure class=\"wp-block-image size-large\"><img loading=\"lazy\" decoding=\"async\" width=\"683\" height=\"1024\" data-id=\"374\" src=\"https:\/\/segurosml.com\/wp-content\/uploads\/2026\/01\/ChatGPT-Image-11-ene-2026-18_51_52-683x1024.png\" alt=\"\" class=\"wp-image-374\" srcset=\"https:\/\/segurosml.com\/wp-content\/uploads\/2026\/01\/ChatGPT-Image-11-ene-2026-18_51_52-683x1024.png 683w, https:\/\/segurosml.com\/wp-content\/uploads\/2026\/01\/ChatGPT-Image-11-ene-2026-18_51_52-200x300.png 200w, https:\/\/segurosml.com\/wp-content\/uploads\/2026\/01\/ChatGPT-Image-11-ene-2026-18_51_52-768x1152.png 768w, https:\/\/segurosml.com\/wp-content\/uploads\/2026\/01\/ChatGPT-Image-11-ene-2026-18_51_52-8x12.png 8w, https:\/\/segurosml.com\/wp-content\/uploads\/2026\/01\/ChatGPT-Image-11-ene-2026-18_51_52.png 1024w\" sizes=\"auto, (max-width: 683px) 100vw, 683px\" \/><\/figure>\n<\/figure>\n\n\n\n<p><br>Baja Laboral para Aut\u00f3nomos<br>Asegura ingresos mensuales si no puedes trabajar por enfermedad o accidente. Una protecci\u00f3n esencial para mantener tu estabilidad econ\u00f3mica como aut\u00f3nomo.<\/p>\n\n\n\n<hr class=\"wp-block-separator has-alpha-channel-opacity\"\/>\n\n\n\n<p><a href=\"https:\/\/segurosml.com\/en\/contacto\/\" data-type=\"page\" data-id=\"136\"><strong>Solicitar informaci\u00f3n<\/strong><\/a><\/p>\n\n\n\n<figure class=\"wp-block-gallery has-nested-images columns-default is-cropped wp-block-gallery-4 is-layout-flex wp-block-gallery-is-layout-flex\">\n<figure class=\"wp-block-image size-large\"><img loading=\"lazy\" decoding=\"async\" width=\"683\" height=\"1024\" data-id=\"381\" src=\"https:\/\/segurosml.com\/wp-content\/uploads\/2026\/01\/ChatGPT-Image-11-ene-2026-18_55_19-683x1024.png\" alt=\"\" class=\"wp-image-381\" srcset=\"https:\/\/segurosml.com\/wp-content\/uploads\/2026\/01\/ChatGPT-Image-11-ene-2026-18_55_19-683x1024.png 683w, https:\/\/segurosml.com\/wp-content\/uploads\/2026\/01\/ChatGPT-Image-11-ene-2026-18_55_19-200x300.png 200w, https:\/\/segurosml.com\/wp-content\/uploads\/2026\/01\/ChatGPT-Image-11-ene-2026-18_55_19-768x1152.png 768w, https:\/\/segurosml.com\/wp-content\/uploads\/2026\/01\/ChatGPT-Image-11-ene-2026-18_55_19-8x12.png 8w, https:\/\/segurosml.com\/wp-content\/uploads\/2026\/01\/ChatGPT-Image-11-ene-2026-18_55_19.png 1024w\" sizes=\"auto, (max-width: 683px) 100vw, 683px\" \/><\/figure>\n<\/figure>\n\n\n\n<p><br>Seguro de Responsabilidad Civil<br>Cobertura ante reclamaciones por da\u00f1os personales, materiales o econ\u00f3micos derivados de tu actividad profesional o empresarial.<\/p>\n\n\n\n<hr class=\"wp-block-separator has-alpha-channel-opacity\"\/>\n\n\n\n<p><a href=\"https:\/\/segurosml.com\/en\/contacto\/\" data-type=\"page\" data-id=\"136\"><strong>Solicitar informaci\u00f3n<\/strong><\/a><\/p>\n\n\n\n<figure class=\"wp-block-image size-large\"><img loading=\"lazy\" decoding=\"async\" width=\"683\" height=\"1024\" src=\"https:\/\/segurosml.com\/wp-content\/uploads\/2026\/01\/ChatGPT-Image-11-ene-2026-18_57_05-683x1024.png\" alt=\"\" class=\"wp-image-385\" srcset=\"https:\/\/segurosml.com\/wp-content\/uploads\/2026\/01\/ChatGPT-Image-11-ene-2026-18_57_05-683x1024.png 683w, https:\/\/segurosml.com\/wp-content\/uploads\/2026\/01\/ChatGPT-Image-11-ene-2026-18_57_05-200x300.png 200w, https:\/\/segurosml.com\/wp-content\/uploads\/2026\/01\/ChatGPT-Image-11-ene-2026-18_57_05-768x1152.png 768w, https:\/\/segurosml.com\/wp-content\/uploads\/2026\/01\/ChatGPT-Image-11-ene-2026-18_57_05-8x12.png 8w, https:\/\/segurosml.com\/wp-content\/uploads\/2026\/01\/ChatGPT-Image-11-ene-2026-18_57_05.png 1024w\" sizes=\"auto, (max-width: 683px) 100vw, 683px\" \/><\/figure>\n\n\n\n<p><br>Salud para Empresas<br>Incrementa el bienestar del equipo con acceso a sanidad privada. Una ventaja competitiva para atraer y retener talento, con opciones ajustadas a tu presupuesto.<\/p>\n\n\n\n<p><a href=\"https:\/\/segurosml.com\/en\/contacto\/\" data-type=\"page\" data-id=\"136\"><strong>Solicitar informaci\u00f3n<\/strong><\/a><\/p>\n\n\n\n<hr class=\"wp-block-separator has-alpha-channel-opacity\"\/>\n\n\n\n<figure class=\"wp-block-image size-large\"><img loading=\"lazy\" decoding=\"async\" width=\"683\" height=\"1024\" src=\"https:\/\/segurosml.com\/wp-content\/uploads\/2026\/01\/ChatGPT-Image-11-ene-2026-18_59_21-683x1024.png\" alt=\"\" class=\"wp-image-391\" srcset=\"https:\/\/segurosml.com\/wp-content\/uploads\/2026\/01\/ChatGPT-Image-11-ene-2026-18_59_21-683x1024.png 683w, https:\/\/segurosml.com\/wp-content\/uploads\/2026\/01\/ChatGPT-Image-11-ene-2026-18_59_21-200x300.png 200w, https:\/\/segurosml.com\/wp-content\/uploads\/2026\/01\/ChatGPT-Image-11-ene-2026-18_59_21-768x1152.png 768w, https:\/\/segurosml.com\/wp-content\/uploads\/2026\/01\/ChatGPT-Image-11-ene-2026-18_59_21-8x12.png 8w, https:\/\/segurosml.com\/wp-content\/uploads\/2026\/01\/ChatGPT-Image-11-ene-2026-18_59_21.png 1024w\" sizes=\"auto, (max-width: 683px) 100vw, 683px\" \/><\/figure>\n\n\n\n<p><br>Vida Colectivo<br>Protecci\u00f3n financiera para empleados y directivos. Fortalece la seguridad y el compromiso dentro de la empresa con coberturas claras.<\/p>\n\n\n\n<p><a href=\"https:\/\/segurosml.com\/en\/contacto\/\" data-type=\"page\" data-id=\"136\"><strong>Solicitar informaci\u00f3n<\/strong><\/a><\/p>\n\n\n\n<hr class=\"wp-block-separator has-alpha-channel-opacity\"\/>\n\n\n\n<figure class=\"wp-block-image size-large\"><img loading=\"lazy\" decoding=\"async\" width=\"683\" height=\"1024\" src=\"https:\/\/segurosml.com\/wp-content\/uploads\/2026\/01\/ChatGPT-Image-11-ene-2026-19_02_15-683x1024.png\" alt=\"\" class=\"wp-image-396\" srcset=\"https:\/\/segurosml.com\/wp-content\/uploads\/2026\/01\/ChatGPT-Image-11-ene-2026-19_02_15-683x1024.png 683w, https:\/\/segurosml.com\/wp-content\/uploads\/2026\/01\/ChatGPT-Image-11-ene-2026-19_02_15-200x300.png 200w, https:\/\/segurosml.com\/wp-content\/uploads\/2026\/01\/ChatGPT-Image-11-ene-2026-19_02_15-768x1152.png 768w, https:\/\/segurosml.com\/wp-content\/uploads\/2026\/01\/ChatGPT-Image-11-ene-2026-19_02_15-8x12.png 8w, https:\/\/segurosml.com\/wp-content\/uploads\/2026\/01\/ChatGPT-Image-11-ene-2026-19_02_15.png 1024w\" sizes=\"auto, (max-width: 683px) 100vw, 683px\" \/><\/figure>\n\n\n\n<p><br>Seguro para Locales y Negocios<br>Protege tu local, instalaciones, mercanc\u00eda y responsabilidad frente a terceros con un seguro multirriesgo adaptado a tu actividad.<\/p>\n\n\n\n<p><a href=\"https:\/\/segurosml.com\/en\/contacto\/\" data-type=\"page\" data-id=\"136\"><strong>Solicitar informaci\u00f3n<\/strong><\/a><\/p>\n\n\n\n<hr class=\"wp-block-separator has-alpha-channel-opacity\"\/>\n\n\n\n<p>Otros seguros disponibles<br>Adem\u00e1s de los seguros destacados, tambi\u00e9n te acompa\u00f1amos con:<\/p>\n\n\n\n<p>Seguro para Aut\u00f3nomos<br>Seguro para PYMES<br>D&amp;O (Directivos y Administradores)<br>Ciberriesgos<br>Accidentes Colectivos<br>Protecci\u00f3n Jur\u00eddica Empresarial<br>Transporte de Mercanc\u00edas<br>Maquinaria y Equipos<br>Cr\u00e9dito Comercial<br>Cauci\u00f3n<br>Seguro para Locales en Alquiler<\/p>\n\n\n\n<p>\u00bfNo encuentras el seguro que buscas? Estos son solo algunos de los m\u00e1s comunes. Solicita informaci\u00f3n sin compromiso y te asesoramos de manera personalizada.<\/p>\n\n\n\n<p><a href=\"https:\/\/segurosml.com\/en\/contacto\/\" data-type=\"page\" data-id=\"136\"><strong>Solicitar informaci\u00f3n<\/strong><\/a><\/p>\n\n\n\n<p>Tu seguro, tal como lo necesitas.<\/p>","protected":false},"excerpt":{"rendered":"<p>ML Seguros \u00b7 Negocios, PYMES y Aut\u00f3nomos En ML Seguros cuidamos tu actividad profesional, tu empresa y tu futuro, ofreci\u00e9ndote soluciones personalizadas para cada tipo de negocio. Te proporcionamos asesoramiento claro y preciso para que dispongas de la cobertura ideal y trabajes con plena tranquilidad. Seguro para Taxi y VTCCoberturas espec\u00edficas para profesionales del transporte. [&hellip;]<\/p>\n","protected":false},"author":1,"featured_media":0,"parent":0,"menu_order":0,"comment_status":"closed","ping_status":"closed","template":"page-with-title","meta":{"footnotes":""},"class_list":["post-332","page","type-page","status-publish","hentry"],"yoast_head":"<!-- This site is optimized with the Yoast SEO plugin v27.3 - https:\/\/yoast.com\/product\/yoast-seo-wordpress\/ -->\n<title>Seguros de negocios - ML Seguros<\/title>\n<meta name=\"robots\" content=\"index, follow, max-snippet:-1, max-image-preview:large, max-video-preview:-1\" \/>\n<link rel=\"canonical\" href=\"https:\/\/segurosml.com\/en\/seguros-de-negocios\/\" \/>\n<meta property=\"og:locale\" content=\"en_US\" \/>\n<meta property=\"og:type\" content=\"article\" \/>\n<meta property=\"og:title\" content=\"Seguros de negocios - ML Seguros\" \/>\n<meta property=\"og:description\" content=\"ML Seguros \u00b7 Negocios, PYMES y Aut\u00f3nomos En ML Seguros cuidamos tu actividad profesional, tu empresa y tu futuro, ofreci\u00e9ndote soluciones personalizadas para cada tipo de negocio. Te proporcionamos asesoramiento claro y preciso para que dispongas de la cobertura ideal y trabajes con plena tranquilidad. Seguro para Taxi y VTCCoberturas espec\u00edficas para profesionales del transporte. [&hellip;]\" \/>\n<meta property=\"og:url\" content=\"https:\/\/segurosml.com\/en\/seguros-de-negocios\/\" \/>\n<meta property=\"og:site_name\" content=\"ML Seguros\" \/>\n<meta property=\"article:publisher\" content=\"https:\/\/www.facebook.com\/profile.php?id=61578354475514\" \/>\n<meta property=\"article:modified_time\" content=\"2026-01-11T18:06:41+00:00\" \/>\n<meta property=\"og:image\" content=\"https:\/\/segurosml.com\/wp-content\/uploads\/2026\/01\/ChatGPT-Image-11-ene-2026-14_17_57-683x1024.png\" \/>\n\t<meta property=\"og:image:width\" content=\"683\" \/>\n\t<meta property=\"og:image:height\" content=\"1024\" \/>\n\t<meta property=\"og:image:type\" content=\"image\/png\" \/>\n<meta name=\"twitter:card\" content=\"summary_large_image\" \/>\n<meta name=\"twitter:label1\" content=\"Est. reading time\" \/>\n\t<meta name=\"twitter:data1\" content=\"2 minutes\" \/>\n<script type=\"application\/ld+json\" class=\"yoast-schema-graph\">{\"@context\":\"https:\\\/\\\/schema.org\",\"@graph\":[{\"@type\":\"WebPage\",\"@id\":\"https:\\\/\\\/segurosml.com\\\/en\\\/seguros-de-negocios\\\/\",\"url\":\"https:\\\/\\\/segurosml.com\\\/en\\\/seguros-de-negocios\\\/\",\"name\":\"Seguros de negocios - ML Seguros\",\"isPartOf\":{\"@id\":\"https:\\\/\\\/segurosml.com\\\/#website\"},\"primaryImageOfPage\":{\"@id\":\"https:\\\/\\\/segurosml.com\\\/en\\\/seguros-de-negocios\\\/#primaryimage\"},\"image\":{\"@id\":\"https:\\\/\\\/segurosml.com\\\/en\\\/seguros-de-negocios\\\/#primaryimage\"},\"thumbnailUrl\":\"https:\\\/\\\/segurosml.com\\\/wp-content\\\/uploads\\\/2026\\\/01\\\/ChatGPT-Image-11-ene-2026-14_17_57-683x1024.png\",\"datePublished\":\"2026-01-11T12:08:11+00:00\",\"dateModified\":\"2026-01-11T18:06:41+00:00\",\"breadcrumb\":{\"@id\":\"https:\\\/\\\/segurosml.com\\\/en\\\/seguros-de-negocios\\\/#breadcrumb\"},\"inLanguage\":\"en-US\",\"potentialAction\":[{\"@type\":\"ReadAction\",\"target\":[\"https:\\\/\\\/segurosml.com\\\/en\\\/seguros-de-negocios\\\/\"]}]},{\"@type\":\"ImageObject\",\"inLanguage\":\"en-US\",\"@id\":\"https:\\\/\\\/segurosml.com\\\/en\\\/seguros-de-negocios\\\/#primaryimage\",\"url\":\"https:\\\/\\\/segurosml.com\\\/wp-content\\\/uploads\\\/2026\\\/01\\\/ChatGPT-Image-11-ene-2026-14_17_57-683x1024.png\",\"contentUrl\":\"https:\\\/\\\/segurosml.com\\\/wp-content\\\/uploads\\\/2026\\\/01\\\/ChatGPT-Image-11-ene-2026-14_17_57-683x1024.png\"},{\"@type\":\"BreadcrumbList\",\"@id\":\"https:\\\/\\\/segurosml.com\\\/en\\\/seguros-de-negocios\\\/#breadcrumb\",\"itemListElement\":[{\"@type\":\"ListItem\",\"position\":1,\"name\":\"Portada\",\"item\":\"https:\\\/\\\/segurosml.com\\\/\"},{\"@type\":\"ListItem\",\"position\":2,\"name\":\"Seguros de negocios\"}]},{\"@type\":\"WebSite\",\"@id\":\"https:\\\/\\\/segurosml.com\\\/#website\",\"url\":\"https:\\\/\\\/segurosml.com\\\/\",\"name\":\"ML Seguros\",\"description\":\"&quot;Tu seguro como t\u00fa lo necesitas&quot;\",\"publisher\":{\"@id\":\"https:\\\/\\\/segurosml.com\\\/#organization\"},\"potentialAction\":[{\"@type\":\"SearchAction\",\"target\":{\"@type\":\"EntryPoint\",\"urlTemplate\":\"https:\\\/\\\/segurosml.com\\\/?s={search_term_string}\"},\"query-input\":{\"@type\":\"PropertyValueSpecification\",\"valueRequired\":true,\"valueName\":\"search_term_string\"}}],\"inLanguage\":\"en-US\"},{\"@type\":\"Organization\",\"@id\":\"https:\\\/\\\/segurosml.com\\\/#organization\",\"name\":\"ML Seguros\",\"url\":\"https:\\\/\\\/segurosml.com\\\/\",\"logo\":{\"@type\":\"ImageObject\",\"inLanguage\":\"en-US\",\"@id\":\"https:\\\/\\\/segurosml.com\\\/#\\\/schema\\\/logo\\\/image\\\/\",\"url\":\"https:\\\/\\\/segurosml.com\\\/wp-content\\\/uploads\\\/2026\\\/01\\\/ChatGPT-Image-26-feb-2026-07_52_35.png\",\"contentUrl\":\"https:\\\/\\\/segurosml.com\\\/wp-content\\\/uploads\\\/2026\\\/01\\\/ChatGPT-Image-26-feb-2026-07_52_35.png\",\"width\":1024,\"height\":1024,\"caption\":\"ML Seguros\"},\"image\":{\"@id\":\"https:\\\/\\\/segurosml.com\\\/#\\\/schema\\\/logo\\\/image\\\/\"},\"sameAs\":[\"https:\\\/\\\/www.facebook.com\\\/profile.php?id=61578354475514\",\"https:\\\/\\\/www.tiktok.com\\\/@mlseguros?_r=1&_t=ZN-95OjaZg5dag\"]}]}<\/script>\n<!-- \/ Yoast SEO plugin. -->","yoast_head_json":{"title":"Seguros de negocios - ML Seguros","robots":{"index":"index","follow":"follow","max-snippet":"max-snippet:-1","max-image-preview":"max-image-preview:large","max-video-preview":"max-video-preview:-1"},"canonical":"https:\/\/segurosml.com\/en\/seguros-de-negocios\/","og_locale":"en_US","og_type":"article","og_title":"Seguros de negocios - ML Seguros","og_description":"ML Seguros \u00b7 Negocios, PYMES y Aut\u00f3nomos En ML Seguros cuidamos tu actividad profesional, tu empresa y tu futuro, ofreci\u00e9ndote soluciones personalizadas para cada tipo de negocio. Te proporcionamos asesoramiento claro y preciso para que dispongas de la cobertura ideal y trabajes con plena tranquilidad. Seguro para Taxi y VTCCoberturas espec\u00edficas para profesionales del transporte. [&hellip;]","og_url":"https:\/\/segurosml.com\/en\/seguros-de-negocios\/","og_site_name":"ML Seguros","article_publisher":"https:\/\/www.facebook.com\/profile.php?id=61578354475514","article_modified_time":"2026-01-11T18:06:41+00:00","og_image":[{"width":683,"height":1024,"url":"https:\/\/segurosml.com\/wp-content\/uploads\/2026\/01\/ChatGPT-Image-11-ene-2026-14_17_57-683x1024.png","type":"image\/png"}],"twitter_card":"summary_large_image","twitter_misc":{"Est. reading time":"2 minutes"},"schema":{"@context":"https:\/\/schema.org","@graph":[{"@type":"WebPage","@id":"https:\/\/segurosml.com\/en\/seguros-de-negocios\/","url":"https:\/\/segurosml.com\/en\/seguros-de-negocios\/","name":"Seguros de negocios - ML Seguros","isPartOf":{"@id":"https:\/\/segurosml.com\/#website"},"primaryImageOfPage":{"@id":"https:\/\/segurosml.com\/en\/seguros-de-negocios\/#primaryimage"},"image":{"@id":"https:\/\/segurosml.com\/en\/seguros-de-negocios\/#primaryimage"},"thumbnailUrl":"https:\/\/segurosml.com\/wp-content\/uploads\/2026\/01\/ChatGPT-Image-11-ene-2026-14_17_57-683x1024.png","datePublished":"2026-01-11T12:08:11+00:00","dateModified":"2026-01-11T18:06:41+00:00","breadcrumb":{"@id":"https:\/\/segurosml.com\/en\/seguros-de-negocios\/#breadcrumb"},"inLanguage":"en-US","potentialAction":[{"@type":"ReadAction","target":["https:\/\/segurosml.com\/en\/seguros-de-negocios\/"]}]},{"@type":"ImageObject","inLanguage":"en-US","@id":"https:\/\/segurosml.com\/en\/seguros-de-negocios\/#primaryimage","url":"https:\/\/segurosml.com\/wp-content\/uploads\/2026\/01\/ChatGPT-Image-11-ene-2026-14_17_57-683x1024.png","contentUrl":"https:\/\/segurosml.com\/wp-content\/uploads\/2026\/01\/ChatGPT-Image-11-ene-2026-14_17_57-683x1024.png"},{"@type":"BreadcrumbList","@id":"https:\/\/segurosml.com\/en\/seguros-de-negocios\/#breadcrumb","itemListElement":[{"@type":"ListItem","position":1,"name":"Portada","item":"https:\/\/segurosml.com\/"},{"@type":"ListItem","position":2,"name":"Seguros de negocios"}]},{"@type":"WebSite","@id":"https:\/\/segurosml.com\/#website","url":"https:\/\/segurosml.com\/","name":"ML Seguros","description":"&quot;Tu seguro como t\u00fa lo necesitas&quot;","publisher":{"@id":"https:\/\/segurosml.com\/#organization"},"potentialAction":[{"@type":"SearchAction","target":{"@type":"EntryPoint","urlTemplate":"https:\/\/segurosml.com\/?s={search_term_string}"},"query-input":{"@type":"PropertyValueSpecification","valueRequired":true,"valueName":"search_term_string"}}],"inLanguage":"en-US"},{"@type":"Organization","@id":"https:\/\/segurosml.com\/#organization","name":"ML Seguros","url":"https:\/\/segurosml.com\/","logo":{"@type":"ImageObject","inLanguage":"en-US","@id":"https:\/\/segurosml.com\/#\/schema\/logo\/image\/","url":"https:\/\/segurosml.com\/wp-content\/uploads\/2026\/01\/ChatGPT-Image-26-feb-2026-07_52_35.png","contentUrl":"https:\/\/segurosml.com\/wp-content\/uploads\/2026\/01\/ChatGPT-Image-26-feb-2026-07_52_35.png","width":1024,"height":1024,"caption":"ML Seguros"},"image":{"@id":"https:\/\/segurosml.com\/#\/schema\/logo\/image\/"},"sameAs":["https:\/\/www.facebook.com\/profile.php?id=61578354475514","https:\/\/www.tiktok.com\/@mlseguros?_r=1&_t=ZN-95OjaZg5dag"]}]}},"_links":{"self":[{"href":"https:\/\/segurosml.com\/en\/wp-json\/wp\/v2\/pages\/332","targetHints":{"allow":["GET"]}}],"collection":[{"href":"https:\/\/segurosml.com\/en\/wp-json\/wp\/v2\/pages"}],"about":[{"href":"https:\/\/segurosml.com\/en\/wp-json\/wp\/v2\/types\/page"}],"author":[{"embeddable":true,"href":"https:\/\/segurosml.com\/en\/wp-json\/wp\/v2\/users\/1"}],"replies":[{"embeddable":true,"href":"https:\/\/segurosml.com\/en\/wp-json\/wp\/v2\/comments?post=332"}],"version-history":[{"count":50,"href":"https:\/\/segurosml.com\/en\/wp-json\/wp\/v2\/pages\/332\/revisions"}],"predecessor-version":[{"id":399,"href":"https:\/\/segurosml.com\/en\/wp-json\/wp\/v2\/pages\/332\/revisions\/399"}],"wp:attachment":[{"href":"https:\/\/segurosml.com\/en\/wp-json\/wp\/v2\/media?parent=332"}],"curies":[{"name":"wp","href":"https:\/\/api.w.org\/{rel}","templated":true}]}}