{"id":771,"date":"2026-04-06T13:51:14","date_gmt":"2026-04-06T13:51:14","guid":{"rendered":"https:\/\/segurosml.com\/?page_id=771"},"modified":"2026-04-07T03:23:40","modified_gmt":"2026-04-07T03:23:40","slug":"analisis-gratuito-de-sus-seguros","status":"publish","type":"page","link":"https:\/\/segurosml.com\/en\/analisis-gratuito-de-sus-seguros\/","title":{"rendered":"Analiza tus polizas"},"content":{"rendered":"<div class=\"wp-block-group alignfull is-style-ext-preset--group--natural-1--section has-background-background-color has-background has-global-padding is-layout-constrained wp-container-core-group-is-layout-e955bbaf wp-block-group-is-layout-constrained\" style=\"margin-top:0;margin-bottom:0;padding-top:var(--wp--preset--spacing--70);padding-bottom:var(--wp--preset--spacing--70)\">\n<h2 class=\"wp-block-heading has-text-align-center ext-animate--on\">Facilita la Revisi\u00f3n Precisa de tus P\u00f3lizas con Eficacia<\/h2>\n\n\n\n<p class=\"has-text-align-center ext-animate--on\" style=\"margin-top:1.5rem\">Aqu\u00ed puedes subir tu p\u00f3liza para que nuestro equipo experto la revise y te brinde una asesor\u00eda personalizada.<\/p>\n\n\n\n<div class=\"wp-block-columns alignwide is-layout-flex wp-container-core-columns-is-layout-08c01c1c wp-block-columns-is-layout-flex\">\n<div class=\"wp-block-column is-vertically-aligned-stretch ext-animate--on is-layout-flow wp-container-core-column-is-layout-f5bb311e wp-block-column-is-layout-flow\">\n<div class=\"wp-block-group is-style-ext-preset--group--natural-1--item-card-1--align-center has-global-padding is-layout-constrained wp-block-group-is-layout-constrained is-style-ext-preset--group--natural-1--item-card-1--align-center--2\">\n<figure class=\"wp-block-image aligncenter size-large ext-aspect-landscape\"><img loading=\"lazy\" decoding=\"async\" width=\"1440\" height=\"964\" class=\"wp-image-825\" src=\"https:\/\/segurosml.com\/wp-content\/uploads\/2026\/04\/19e39e5fea05f8dc1b1922061ce37707021e27ca.jpg\" alt=\"\" style=\"aspect-ratio:4\/3;object-fit:cover\" srcset=\"https:\/\/segurosml.com\/wp-content\/uploads\/2026\/04\/19e39e5fea05f8dc1b1922061ce37707021e27ca.jpg 1440w, https:\/\/segurosml.com\/wp-content\/uploads\/2026\/04\/19e39e5fea05f8dc1b1922061ce37707021e27ca-300x201.jpg 300w, https:\/\/segurosml.com\/wp-content\/uploads\/2026\/04\/19e39e5fea05f8dc1b1922061ce37707021e27ca-1024x686.jpg 1024w, https:\/\/segurosml.com\/wp-content\/uploads\/2026\/04\/19e39e5fea05f8dc1b1922061ce37707021e27ca-768x514.jpg 768w, https:\/\/segurosml.com\/wp-content\/uploads\/2026\/04\/19e39e5fea05f8dc1b1922061ce37707021e27ca-18x12.jpg 18w\" sizes=\"auto, (max-width: 1440px) 100vw, 1440px\" \/><\/figure>\n\n\n\n<div class=\"wp-block-group is-style-default has-global-padding is-layout-constrained wp-block-group-is-layout-constrained\">\n<h3 class=\"wp-block-heading has-text-align-center\">Carga tu documento f\u00e1cilmente<\/h3>\n\n\n\n<p class=\"has-text-align-center\">Sube tu p\u00f3liza a trav\u00e9s de nuestro formulario sencillo y seguro para recibir una evaluaci\u00f3n r\u00e1pida y profesional.<\/p>\n<\/div>\n<\/div>\n<\/div>\n\n\n\n<div class=\"wp-block-column is-vertically-aligned-stretch ext-animate--on is-layout-flow wp-container-core-column-is-layout-f5bb311e wp-block-column-is-layout-flow\">\n<div class=\"wp-block-group is-style-ext-preset--group--natural-1--item-card-1--align-center has-global-padding is-layout-constrained wp-block-group-is-layout-constrained is-style-ext-preset--group--natural-1--item-card-1--align-center--3\">\n<figure class=\"wp-block-image aligncenter size-large ext-aspect-landscape\"><img loading=\"lazy\" decoding=\"async\" width=\"1440\" height=\"810\" class=\"wp-image-826\" src=\"https:\/\/segurosml.com\/wp-content\/uploads\/2026\/04\/d6c1b238b7a8a50a550b316d63888caa1401fc2f.jpg\" alt=\"\" style=\"aspect-ratio:4\/3;object-fit:cover\" srcset=\"https:\/\/segurosml.com\/wp-content\/uploads\/2026\/04\/d6c1b238b7a8a50a550b316d63888caa1401fc2f.jpg 1440w, https:\/\/segurosml.com\/wp-content\/uploads\/2026\/04\/d6c1b238b7a8a50a550b316d63888caa1401fc2f-300x169.jpg 300w, https:\/\/segurosml.com\/wp-content\/uploads\/2026\/04\/d6c1b238b7a8a50a550b316d63888caa1401fc2f-1024x576.jpg 1024w, https:\/\/segurosml.com\/wp-content\/uploads\/2026\/04\/d6c1b238b7a8a50a550b316d63888caa1401fc2f-768x432.jpg 768w, https:\/\/segurosml.com\/wp-content\/uploads\/2026\/04\/d6c1b238b7a8a50a550b316d63888caa1401fc2f-18x10.jpg 18w\" sizes=\"auto, (max-width: 1440px) 100vw, 1440px\" \/><\/figure>\n\n\n\n<div class=\"wp-block-group is-style-default has-global-padding is-layout-constrained wp-block-group-is-layout-constrained\">\n<h3 class=\"wp-block-heading has-text-align-center\">Comun\u00edcate directamente por WhatsApp<\/h3>\n\n\n\n<p class=\"has-text-align-center\">Env\u00eda tu p\u00f3liza por WhatsApp para una atenci\u00f3n inmediata y respuestas claras sobre tu cobertura y opciones.<\/p>\n<\/div>\n<\/div>\n<\/div>\n\n\n\n<div class=\"wp-block-column is-vertically-aligned-stretch ext-animate--on is-layout-flow wp-container-core-column-is-layout-f5bb311e wp-block-column-is-layout-flow\">\n<div class=\"wp-block-group is-style-ext-preset--group--natural-1--item-card-1--align-center has-global-padding is-layout-constrained wp-block-group-is-layout-constrained is-style-ext-preset--group--natural-1--item-card-1--align-center--4\">\n<figure class=\"wp-block-image aligncenter size-large ext-aspect-landscape\"><img loading=\"lazy\" decoding=\"async\" width=\"1440\" height=\"960\" class=\"wp-image-827\" src=\"https:\/\/segurosml.com\/wp-content\/uploads\/2026\/04\/56da2e4e6ac545cc4314fdc0fd2423ae16d8d6ff.jpg\" alt=\"\" style=\"aspect-ratio:4\/3;object-fit:cover\" srcset=\"https:\/\/segurosml.com\/wp-content\/uploads\/2026\/04\/56da2e4e6ac545cc4314fdc0fd2423ae16d8d6ff.jpg 1440w, https:\/\/segurosml.com\/wp-content\/uploads\/2026\/04\/56da2e4e6ac545cc4314fdc0fd2423ae16d8d6ff-300x200.jpg 300w, https:\/\/segurosml.com\/wp-content\/uploads\/2026\/04\/56da2e4e6ac545cc4314fdc0fd2423ae16d8d6ff-1024x683.jpg 1024w, https:\/\/segurosml.com\/wp-content\/uploads\/2026\/04\/56da2e4e6ac545cc4314fdc0fd2423ae16d8d6ff-768x512.jpg 768w, https:\/\/segurosml.com\/wp-content\/uploads\/2026\/04\/56da2e4e6ac545cc4314fdc0fd2423ae16d8d6ff-18x12.jpg 18w\" sizes=\"auto, (max-width: 1440px) 100vw, 1440px\" \/><\/figure>\n\n\n\n<div class=\"wp-block-group is-style-default has-global-padding is-layout-constrained wp-block-group-is-layout-constrained\">\n<h3 class=\"wp-block-heading\">Obt\u00e9n asesor\u00eda especializada<\/h3>\n\n\n\n<p class=\"has-text-align-center\">Nuestro equipo revisa cada detalle para ofrecerte recomendaciones que optimicen tu protecci\u00f3n y beneficios.<\/p>\n<\/div>\n<\/div>\n<\/div>\n<\/div>\n<\/div>\n\n\n\n<div class=\"wp-block-group alignfull is-style-ext-preset--group--natural-1--section has-tertiary-background-color has-background has-global-padding is-layout-constrained wp-container-core-group-is-layout-e955bbaf wp-block-group-is-layout-constrained\" style=\"margin-top:0;margin-bottom:0;padding-top:var(--wp--preset--spacing--70);padding-bottom:var(--wp--preset--spacing--70)\">\n<div class=\"wp-block-group alignwide ext-is-logical-start has-global-padding is-content-justification-left is-layout-constrained wp-container-core-group-is-layout-6729bdbe wp-block-group-is-layout-constrained\">\n<h2 class=\"wp-block-heading ext-animate--on\">C\u00f3mo Subir tu P\u00f3liza<\/h2>\n\n\n\n<p class=\"ext-animate--on\">Conoce el proceso sencillo para enviar tu p\u00f3liza y recibir una revisi\u00f3n experta de manera r\u00e1pida y segura.<\/p>\n<\/div>\n\n\n\n<div class=\"wp-block-columns alignwide is-layout-flex wp-container-core-columns-is-layout-08c01c1c wp-block-columns-is-layout-flex\">\n<div class=\"wp-block-column is-vertically-aligned-stretch ext-animate--on is-layout-flow wp-container-core-column-is-layout-f5bb311e wp-block-column-is-layout-flow\">\n<div class=\"wp-block-group is-style-ext-preset--group--natural-1--item-card-1--align-start has-global-padding is-layout-constrained wp-block-group-is-layout-constrained is-style-ext-preset--group--natural-1--item-card-1--align-start--6\">\n<div class=\"wp-block-group is-style-default has-global-padding is-layout-constrained wp-block-group-is-layout-constrained\">\n<figure class=\"wp-block-image size-large ext-aspect-landscape wp-duotone-primary-foreground\"><img decoding=\"async\" src=\"data:image\/svg+xml;base64,PHN2ZyB4bWxucz0iaHR0cDovL3d3dy53My5vcmcvMjAwMC9zdmciIHdpZHRoPSI0OCIgaGVpZ2h0PSI0OCIgZmlsbD0iIzAwMDAwMCIgdmlld0JveD0iMCAwIDI1NiAyNTYiPjxwYXRoIGQ9Ik0xMjgsMjRBMTA0LDEwNCwwLDEsMCwyMzIsMTI4LDEwNC4xMSwxMDQuMTEsMCwwLDAsMTI4LDI0Wm0wLDE5MmE4OCw4OCwwLDEsMSw4OC04OEE4OC4xLDg4LjEsMCwwLDEsMTI4LDIxNlpNMTQwLDgwdjk2YTgsOCwwLDAsMS0xNiwwVjk1bC0xMS41Niw3LjcxYTgsOCwwLDEsMS04Ljg4LTEzLjMybDI0LTE2QTgsOCwwLDAsMSwxNDAsODBaIj48L3BhdGg+PC9zdmc+\" alt=\"\" style=\"object-fit:cover\"\/><\/figure>\n\n\n\n<h3 class=\"wp-block-heading\">Paso Uno: Env\u00eda tu P\u00f3liza<\/h3>\n\n\n\n<p>Sube tu documento a trav\u00e9s del formulario o env\u00edalo directamente por WhatsApp para iniciar la evaluaci\u00f3n inmediata.<\/p>\n<\/div>\n<\/div>\n<\/div>\n\n\n\n<div class=\"wp-block-column is-vertically-aligned-stretch ext-animate--on is-layout-flow wp-container-core-column-is-layout-f5bb311e wp-block-column-is-layout-flow\">\n<div class=\"wp-block-group is-style-ext-preset--group--natural-1--item-card-1--align-start has-global-padding is-layout-constrained wp-block-group-is-layout-constrained is-style-ext-preset--group--natural-1--item-card-1--align-start--7\">\n<div class=\"wp-block-group is-style-default has-global-padding is-layout-constrained wp-block-group-is-layout-constrained\">\n<figure class=\"wp-block-image size-large ext-aspect-landscape wp-duotone-primary-foreground\"><img decoding=\"async\" src=\"data:image\/svg+xml;base64,PHN2ZyB4bWxucz0iaHR0cDovL3d3dy53My5vcmcvMjAwMC9zdmciIHdpZHRoPSI0OCIgaGVpZ2h0PSI0OCIgZmlsbD0iIzAwMDAwMCIgdmlld0JveD0iMCAwIDI1NiAyNTYiPjxwYXRoIGQ9Ik0xMjgsMjRBMTA0LDEwNCwwLDEsMCwyMzIsMTI4LDEwNC4xMSwxMDQuMTEsMCwwLDAsMTI4LDI0Wm0wLDE5MmE4OCw4OCwwLDEsMSw4OC04OEE4OC4xLDg4LjEsMCwwLDEsMTI4LDIxNlptMjUuNTYtOTIuNzRMMTIwLDE2OGgzMmE4LDgsMCwwLDEsMCwxNkgxMDRhOCw4LDAsMCwxLTYuNC0xMi44bDQzLjE3LTU3LjU2YTE2LDE2LDAsMSwwLTI3Ljg2LTE1LDgsOCwwLDAsMS0xNS4wOS01LjM0LDMyLDMyLDAsMSwxLDU1Ljc0LDI5LjkzWiI+PC9wYXRoPjwvc3ZnPg==\" alt=\"\" style=\"object-fit:cover\"\/><\/figure>\n\n\n\n<h3 class=\"wp-block-heading\">Paso Dos: Revisi\u00f3n Profesional<\/h3>\n\n\n\n<p>Nuestro equipo especializado revisa tu p\u00f3liza para ofrecerte asesor\u00eda precisa y personalizada.<\/p>\n<\/div>\n<\/div>\n<\/div>\n\n\n\n<div class=\"wp-block-column is-vertically-aligned-stretch ext-animate--on is-layout-flow wp-container-core-column-is-layout-f5bb311e wp-block-column-is-layout-flow\">\n<div class=\"wp-block-group is-style-ext-preset--group--natural-1--item-card-1--align-start has-global-padding is-layout-constrained wp-block-group-is-layout-constrained is-style-ext-preset--group--natural-1--item-card-1--align-start--8\">\n<div class=\"wp-block-group is-style-default has-global-padding is-layout-constrained wp-block-group-is-layout-constrained\">\n<figure class=\"wp-block-image size-large ext-aspect-landscape wp-duotone-primary-foreground\"><img decoding=\"async\" src=\"data:image\/svg+xml;base64,PHN2ZyB4bWxucz0iaHR0cDovL3d3dy53My5vcmcvMjAwMC9zdmciIHdpZHRoPSI0OCIgaGVpZ2h0PSI0OCIgZmlsbD0iIzAwMDAwMCIgdmlld0JveD0iMCAwIDI1NiAyNTYiPjxwYXRoIGQ9Ik0xMjgsMjRBMTA0LDEwNCwwLDEsMCwyMzIsMTI4LDEwNC4xMSwxMDQuMTEsMCwwLDAsMTI4LDI0Wm0wLDE5MmE4OCw4OCwwLDEsMSw4OC04OEE4OC4xLDg4LjEsMCwwLDEsMTI4LDIxNlptMzItNjRhMzYsMzYsMCwwLDEtNjEuNzEsMjUuMTlBOCw4LDAsMSwxLDEwOS43MSwxNjYsMjAsMjAsMCwxLDAsMTI0LDEzMmE4LDgsMCwwLDEtNi41NS0xMi41OUwxMzYuNjMsOTJIMTA0YTgsOCwwLDAsMSwwLTE2aDQ4YTgsOCwwLDAsMSw2LjU1LDEyLjU5bC0yMSwzMEEzNi4wNywzNi4wNywwLDAsMSwxNjAsMTUyWiI+PC9wYXRoPjwvc3ZnPg==\" alt=\"\" style=\"object-fit:cover\"\/><\/figure>\n\n\n\n<h3 class=\"wp-block-heading\">Tercera Opci\u00f3n: Contacto Directo<\/h3>\n\n\n\n<p>Elige comunicarte con nosotros v\u00eda WhatsApp para resolver dudas y recibir atenci\u00f3n personalizada al instante.<\/p>\n<\/div>\n<\/div>\n<\/div>\n<\/div>\n<\/div>\n\n\n\n<div class=\"wp-block-group alignfull is-style-ext-preset--group--natural-1--section ext-animate--off has-background-background-color has-background has-global-padding is-layout-constrained wp-block-group-is-layout-constrained\" style=\"margin-top:0;margin-bottom:0;padding-top:var(--wp--preset--spacing--70);padding-bottom:var(--wp--preset--spacing--70)\">\n<div class=\"wp-block-media-text alignwide is-stacked-on-mobile is-style-ext-preset--media-text--natural-1--card-1 ext-animate--on has-tertiary-background-color has-background is-style-ext-preset--media-text--natural-1--card-1--10\" style=\"grid-template-columns:48% auto\"><figure class=\"wp-block-media-text__media\"><img loading=\"lazy\" decoding=\"async\" width=\"1024\" height=\"1024\" src=\"https:\/\/segurosml.com\/wp-content\/uploads\/2026\/01\/ChatGPT-Image-26-feb-2026-07_52_35.png\" alt=\"\" class=\"wp-image-432 size-full\" srcset=\"https:\/\/segurosml.com\/wp-content\/uploads\/2026\/01\/ChatGPT-Image-26-feb-2026-07_52_35.png 1024w, https:\/\/segurosml.com\/wp-content\/uploads\/2026\/01\/ChatGPT-Image-26-feb-2026-07_52_35-300x300.png 300w, https:\/\/segurosml.com\/wp-content\/uploads\/2026\/01\/ChatGPT-Image-26-feb-2026-07_52_35-150x150.png 150w, https:\/\/segurosml.com\/wp-content\/uploads\/2026\/01\/ChatGPT-Image-26-feb-2026-07_52_35-768x768.png 768w, https:\/\/segurosml.com\/wp-content\/uploads\/2026\/01\/ChatGPT-Image-26-feb-2026-07_52_35-12x12.png 12w\" sizes=\"auto, (max-width: 1024px) 100vw, 1024px\" \/><\/figure><div class=\"wp-block-media-text__content\">\n<div class=\"wp-block-group alignwide ext-animate--off has-global-padding is-layout-constrained wp-container-core-group-is-layout-48493932 wp-block-group-is-layout-constrained\" style=\"padding-top:var(--wp--preset--spacing--55);padding-right:var(--wp--preset--spacing--55);padding-bottom:var(--wp--preset--spacing--55);padding-left:var(--wp--preset--spacing--55)\">\n<div class=\"wpcf7 no-js\" id=\"wpcf7-f830-o1\" lang=\"es-ES\" dir=\"ltr\" data-wpcf7-id=\"830\">\n<div class=\"screen-reader-response\"><p role=\"status\" aria-live=\"polite\" aria-atomic=\"true\"><\/p> <ul><\/ul><\/div>\n<form action=\"\/en\/wp-json\/wp\/v2\/pages\/771#wpcf7-f830-o1\" method=\"post\" class=\"wpcf7-form init\" aria-label=\"Formulario de contacto\" enctype=\"multipart\/form-data\" novalidate=\"novalidate\" data-status=\"init\" data-trp-original-action=\"\/en\/wp-json\/wp\/v2\/pages\/771#wpcf7-f830-o1\">\n<fieldset class=\"hidden-fields-container\"><input type=\"hidden\" name=\"_wpcf7\" value=\"830\" \/><input type=\"hidden\" name=\"_wpcf7_version\" value=\"6.1.5\" \/><input type=\"hidden\" name=\"_wpcf7_locale\" value=\"es_ES\" \/><input type=\"hidden\" name=\"_wpcf7_unit_tag\" value=\"wpcf7-f830-o1\" \/><input type=\"hidden\" name=\"_wpcf7_container_post\" value=\"0\" \/><input type=\"hidden\" name=\"_wpcf7_posted_data_hash\" value=\"\" \/>\n<\/fieldset>\n<input class=\"wpcf7-form-control wpcf7-hidden\" value=\"analisis_poliza\" type=\"hidden\" name=\"origen_formulario\" \/>\n<input class=\"wpcf7-form-control wpcf7-hidden\" value=\"revision\" type=\"hidden\" name=\"tipo_solicitud\" \/>\n<div style=\"max-width:460px; margin:0 auto; font-family:Arial, sans-serif; color:#1d2433;\">\n\t<div style=\"margin-bottom:12px;\">\n\t\t<p><label style=\"display:block; font-size:13px; font-weight:700; margin-bottom:5px; color:#1d2433;\"><br \/>\nNombre completo<br \/>\n<\/label><br \/>\n<span class=\"wpcf7-form-control-wrap\" data-name=\"nombre_tomador\"><input size=\"40\" maxlength=\"400\" class=\"wpcf7-form-control wpcf7-text wpcf7-validates-as-required\" aria-required=\"true\" aria-invalid=\"false\" placeholder=\"Tu nombre y apellidos\" value=\"\" type=\"text\" name=\"nombre_tomador\" \/><\/span>\n\t\t<\/p>\n\t<\/div>\n\t<div style=\"margin-bottom:12px;\">\n\t\t<p><label style=\"display:block; font-size:13px; font-weight:700; margin-bottom:5px; color:#1d2433;\"><br \/>\nCorreo electr\u00f3nico<br \/>\n<\/label><br \/>\n<span class=\"wpcf7-form-control-wrap\" data-name=\"email\"><input size=\"40\" maxlength=\"400\" class=\"wpcf7-form-control wpcf7-email wpcf7-validates-as-required wpcf7-text wpcf7-validates-as-email\" aria-required=\"true\" aria-invalid=\"false\" placeholder=\"Tu email\" value=\"\" type=\"email\" name=\"email\" \/><\/span>\n\t\t<\/p>\n\t<\/div>\n\t<div style=\"margin-bottom:12px;\">\n\t\t<p><label style=\"display:block; font-size:13px; font-weight:700; margin-bottom:5px; color:#1d2433;\"><br \/>\nTel\u00e9fono<br \/>\n<\/label><br \/>\n<span class=\"wpcf7-form-control-wrap\" data-name=\"telefono\"><input size=\"40\" maxlength=\"400\" class=\"wpcf7-form-control wpcf7-tel wpcf7-validates-as-required wpcf7-text wpcf7-validates-as-tel\" aria-required=\"true\" aria-invalid=\"false\" placeholder=\"Tu tel\u00e9fono\" value=\"\" type=\"tel\" name=\"telefono\" \/><\/span>\n\t\t<\/p>\n\t<\/div>\n\t<div style=\"margin-bottom:12px;\">\n\t\t<p><label style=\"display:block; font-size:13px; font-weight:700; margin-bottom:5px; color:#1d2433;\"><br \/>\nTipo de p\u00f3liza (opcional)<br \/>\n<\/label><br \/>\n<span class=\"wpcf7-form-control-wrap\" data-name=\"tipo-poliza\"><select class=\"wpcf7-form-control wpcf7-select\" aria-invalid=\"false\" name=\"tipo-poliza\"><option value=\"\">Seleccionar tipo de p\u00f3liza<\/option><option value=\"Hogar\">Hogar<\/option><option value=\"Salud\">Salud<\/option><option value=\"Vida\">Vida<\/option><option value=\"Auto\">Auto<\/option><option value=\"Empresa\">Empresa<\/option><option value=\"Responsabilidad Civil\">Responsabilidad Civil<\/option><option value=\"Otros\">Otros<\/option><\/select><\/span>\n\t\t<\/p>\n\t<\/div>\n\t<div style=\"margin-bottom:10px;\">\n\t\t<p><label style=\"display:block; font-size:13px; font-weight:700; margin-bottom:5px; color:#1d2433;\"><br \/>\nSubir p\u00f3liza<br \/>\n<\/label><br \/>\n<span class=\"wpcf7-form-control-wrap\" data-name=\"poliza\"><input size=\"40\" class=\"wpcf7-form-control wpcf7-file wpcf7-validates-as-required\" accept=\".pdf,.jpg,.jpeg,.png,.webp\" aria-required=\"true\" aria-invalid=\"false\" type=\"file\" name=\"poliza\" \/><\/span>\n\t\t<\/p>\n\t\t<div style=\"font-size:11px; color:#667085; margin-top:5px; line-height:1.4;\">\n\t\t\t<p>PDF o im\u00e1genes (m\u00e1x. 10 MB)\n\t\t\t<\/p>\n\t\t<\/div>\n\t<\/div>\n\t<div style=\"margin-top:8px; margin-bottom:12px; font-size:12px; line-height:1.5; color:#667085;\">\n\t\t<p>D\u00e9janos tus datos para poder enviarte el an\u00e1lisis y contactarte si es necesario.\n\t\t<\/p>\n\t<\/div>\n\t<div style=\"margin-bottom:14px; font-size:11px; line-height:1.5; color:#667085;\">\n\t\t<p><span class=\"wpcf7-form-control-wrap\" data-name=\"aceptacion-datos\"><span class=\"wpcf7-form-control wpcf7-acceptance\"><span class=\"wpcf7-list-item\"><label><input type=\"checkbox\" name=\"aceptacion-datos\" value=\"1\" aria-invalid=\"false\" \/><span class=\"wpcf7-list-item-label\">Acepto el tratamiento de mis datos para la revisi\u00f3n de mi p\u00f3liza y declaro haber le\u00eddo la pol\u00edtica de privacidad.<\/span><\/label><\/span><\/span><\/span>\n\t\t<\/p>\n\t<\/div>\n\t<div style=\"margin-top:4px;\">\n\t\t<p><input class=\"wpcf7-form-control wpcf7-submit has-spinner\" type=\"submit\" value=\"Recibir an\u00e1lisis de mi p\u00f3liza\" \/>\n\t\t<\/p>\n\t<\/div>\n\t<div style=\"font-size:11px; color:#667085; line-height:1.5; text-align:center; margin-top:12px;\">\n\t\t<p>Los datos y documentos enviados ser\u00e1n tratados de forma confidencial y utilizados exclusivamente para el an\u00e1lisis de la p\u00f3liza y la gesti\u00f3n de esta solicitud, conforme a la normativa vigente en materia de protecci\u00f3n de datos.\n\t\t<\/p>\n\t<\/div>\n<\/div><div class=\"wpcf7-response-output\" aria-hidden=\"true\"><\/div>\n<input type=\"hidden\" name=\"trp-form-language\" value=\"en\"\/><\/form>\n<\/div>\n\n<\/div>\n<\/div><\/div>\n<\/div>\n\n\n\n<div class=\"wp-block-group alignfull is-style-ext-preset--group--natural-1--section has-tertiary-background-color has-background has-global-padding is-layout-constrained wp-container-core-group-is-layout-e96f6837 wp-block-group-is-layout-constrained\" style=\"margin-top:0;margin-bottom:0;padding-top:0;padding-right:0;padding-bottom:0;padding-left:0\">\n<div class=\"wp-block-cover alignfull is-style-ext-preset--cover--natural-1--cover-overlay-1 is-style-ext-preset--cover--natural-1--cover-overlay-1--12\" style=\"padding-top:var(--wp--preset--spacing--70);padding-right:var(--wp--preset--spacing--30);padding-bottom:var(--wp--preset--spacing--70);padding-left:var(--wp--preset--spacing--30)\"><img loading=\"lazy\" decoding=\"async\" width=\"1440\" height=\"960\" class=\"wp-block-cover__image-background wp-image-827\" alt=\"\" src=\"https:\/\/segurosml.com\/wp-content\/uploads\/2026\/04\/56da2e4e6ac545cc4314fdc0fd2423ae16d8d6ff.jpg\" data-object-fit=\"cover\" srcset=\"https:\/\/segurosml.com\/wp-content\/uploads\/2026\/04\/56da2e4e6ac545cc4314fdc0fd2423ae16d8d6ff.jpg 1440w, https:\/\/segurosml.com\/wp-content\/uploads\/2026\/04\/56da2e4e6ac545cc4314fdc0fd2423ae16d8d6ff-300x200.jpg 300w, https:\/\/segurosml.com\/wp-content\/uploads\/2026\/04\/56da2e4e6ac545cc4314fdc0fd2423ae16d8d6ff-1024x683.jpg 1024w, https:\/\/segurosml.com\/wp-content\/uploads\/2026\/04\/56da2e4e6ac545cc4314fdc0fd2423ae16d8d6ff-768x512.jpg 768w, https:\/\/segurosml.com\/wp-content\/uploads\/2026\/04\/56da2e4e6ac545cc4314fdc0fd2423ae16d8d6ff-18x12.jpg 18w\" sizes=\"auto, (max-width: 1440px) 100vw, 1440px\" \/><span aria-hidden=\"true\" class=\"wp-block-cover__background has-background-dim-80 has-background-dim\" style=\"background-color:#010101\"><\/span><div class=\"wp-block-cover__inner-container has-global-padding is-layout-constrained wp-container-core-cover-is-layout-5cffc2c1 wp-block-cover-is-layout-constrained\">\n<div class=\"wp-block-group alignwide is-vertical is-content-justification-center is-layout-flex wp-container-core-group-is-layout-c9ee0c5a wp-block-group-is-layout-flex\">\n<div class=\"wp-block-group has-global-padding is-layout-constrained wp-container-core-group-is-layout-2287c683 wp-block-group-is-layout-constrained\">\n<h2 class=\"wp-block-heading has-text-align-center ext-animate--on\">\u00bfPrefieres enviarnos tu p\u00f3liza directamente por WhatsApp?<\/h2>\n\n\n\n<p class=\"has-text-align-center\">Te responderemos de forma r\u00e1pida y totalmente confidencial.<\/p>\n<\/div>\n\n\n\n<div class=\"wp-block-buttons is-layout-flex wp-block-buttons-is-layout-flex\">\n<div class=\"wp-block-button is-style-ext-preset--button--natural-1--button-1 is-style-ext-preset--button--natural-1--button-1--13\"><a class=\"wp-block-button__link wp-element-button\" href=\"https:\/\/wa.me\/34667088563?text=Hola%2C%20te%20env%C3%ADo%20mi%20p%C3%B3liza%20para%20que%20la%20revis%C3%A9is.%20Mi%20nombre%20es:\">Atenci\u00f3n directa: env\u00eda tu p\u00f3liza por WhatsApp<\/a><\/div>\n<\/div>\n<\/div>\n<\/div><\/div>\n<\/div>","protected":false},"excerpt":{"rendered":"<p>Facilita la Revisi\u00f3n Precisa de tus P\u00f3lizas con Eficacia Aqu\u00ed puedes subir tu p\u00f3liza para que nuestro equipo experto la revise y te brinde una asesor\u00eda personalizada. Carga tu documento f\u00e1cilmente Sube tu p\u00f3liza a trav\u00e9s de nuestro formulario sencillo y seguro para recibir una evaluaci\u00f3n r\u00e1pida y profesional. Comun\u00edcate directamente por WhatsApp Env\u00eda tu [&hellip;]<\/p>\n","protected":false},"author":1,"featured_media":0,"parent":0,"menu_order":0,"comment_status":"closed","ping_status":"closed","template":"page-with-title","meta":{"footnotes":""},"class_list":["post-771","page","type-page","status-publish","hentry"],"_links":{"self":[{"href":"https:\/\/segurosml.com\/en\/wp-json\/wp\/v2\/pages\/771","targetHints":{"allow":["GET"]}}],"collection":[{"href":"https:\/\/segurosml.com\/en\/wp-json\/wp\/v2\/pages"}],"about":[{"href":"https:\/\/segurosml.com\/en\/wp-json\/wp\/v2\/types\/page"}],"author":[{"embeddable":true,"href":"https:\/\/segurosml.com\/en\/wp-json\/wp\/v2\/users\/1"}],"replies":[{"embeddable":true,"href":"https:\/\/segurosml.com\/en\/wp-json\/wp\/v2\/comments?post=771"}],"version-history":[{"count":71,"href":"https:\/\/segurosml.com\/en\/wp-json\/wp\/v2\/pages\/771\/revisions"}],"predecessor-version":[{"id":849,"href":"https:\/\/segurosml.com\/en\/wp-json\/wp\/v2\/pages\/771\/revisions\/849"}],"wp:attachment":[{"href":"https:\/\/segurosml.com\/en\/wp-json\/wp\/v2\/media?parent=771"}],"curies":[{"name":"wp","href":"https:\/\/api.w.org\/{rel}","templated":true}]}}